{"id":233083,"date":"2024-09-29T03:50:07","date_gmt":"2024-09-29T03:50:07","guid":{"rendered":"https:\/\/irankiuzona.lt\/product\/kilpiniu-2140-10-atvirais-galais-2130-8-raktu-k-tas-6x7-24x27-su-ideklu-vezimeliui-18-daliu\/"},"modified":"2026-04-12T04:57:59","modified_gmt":"2026-04-12T04:57:59","slug":"kilpiniu-2140-10-atvirais-galais-2130-8-raktu-k-tas-6x7-24x27-su-ideklu-vezimeliui-18-daliu","status":"publish","type":"product","link":"https:\/\/irankiuzona.lt\/ru\/product\/kilpiniu-2140-10-atvirais-galais-2130-8-raktu-k-tas-6x7-24x27-su-ideklu-vezimeliui-18-daliu\/","title":{"rendered":"Kilpini\u0173 (2140\/10) + atvirais galais (2130\/8) rakt\u0173 k-tas (6&#215;7-24&#215;27) su \u012fd\u0117klu ve\u017eim\u0117liui 18 dali\u0173"},"content":{"rendered":"<p>\u012ed\u0117klo dydis stal\u010diuje &#8211; 2\/3 (36x375x395 mm) Chrom-Vanadium-Stahl  Komplekte: Poliruoti raktai kilpiniai : 6&#215;7 \/ 8&#215;9 \/ 10&#215;11 \/ 12&#215;13 \/ 14&#215;15 \/ 16&#215;17 \/ 18&#215;19 \/ 20&#215;22 \/ 21&#215;23 \/ 24&#215;27 mm Poliruoti raktai atvirais galais: 6&#215;7 \/ 8&#215;9 \/ 10&#215;11 \/ 12&#215;13 \/ 14&#215;15 \/ 16&#215;17 \/ 18&#215;19 \/ 20&#215;22 mm<\/p>","protected":false},"excerpt":{"rendered":"<p>Kilpini\u0173 (2140\/10) + atvirais galais (2130\/8) rakt\u0173 k-tas (6&#215;7-24&#215;27) su \u012fd\u0117klu ve\u017eim\u0117liui 18 dali\u0173<\/p>","protected":false},"featured_media":233085,"comment_status":"open","ping_status":"open","template":"","meta":[],"product_cat":[9870],"product_tag":[9462],"class_list":{"0":"post-233083","1":"product","2":"type-product","3":"status-publish","4":"has-post-thumbnail","6":"product_brand-condor-werkzeug-vokietija","7":"product_cat-deklai-i-vezimus-su-irankiais-ir-tusti","8":"product_tag-condor-werkzeug-vokietija","10":"first","11":"instock","12":"purchasable","13":"product-type-simple"},"jetpack_sharing_enabled":true,"_links":{"self":[{"href":"https:\/\/irankiuzona.lt\/ru\/wp-json\/wp\/v2\/product\/233083","targetHints":{"allow":["GET"]}}],"collection":[{"href":"https:\/\/irankiuzona.lt\/ru\/wp-json\/wp\/v2\/product"}],"about":[{"href":"https:\/\/irankiuzona.lt\/ru\/wp-json\/wp\/v2\/types\/product"}],"replies":[{"embeddable":true,"href":"https:\/\/irankiuzona.lt\/ru\/wp-json\/wp\/v2\/comments?post=233083"}],"version-history":[{"count":1,"href":"https:\/\/irankiuzona.lt\/ru\/wp-json\/wp\/v2\/product\/233083\/revisions"}],"predecessor-version":[{"id":412801,"href":"https:\/\/irankiuzona.lt\/ru\/wp-json\/wp\/v2\/product\/233083\/revisions\/412801"}],"wp:featuredmedia":[{"embeddable":true,"href":"https:\/\/irankiuzona.lt\/ru\/wp-json\/wp\/v2\/media\/233085"}],"wp:attachment":[{"href":"https:\/\/irankiuzona.lt\/ru\/wp-json\/wp\/v2\/media?parent=233083"}],"wp:term":[{"taxonomy":"product_cat","embeddable":true,"href":"https:\/\/irankiuzona.lt\/ru\/wp-json\/wp\/v2\/product_cat?post=233083"},{"taxonomy":"product_tag","embeddable":true,"href":"https:\/\/irankiuzona.lt\/ru\/wp-json\/wp\/v2\/product_tag?post=233083"}],"curies":[{"name":"wp","href":"https:\/\/api.w.org\/{rel}","templated":true}]}}