{"id":233086,"date":"2024-09-29T03:50:07","date_gmt":"2024-09-29T03:50:07","guid":{"rendered":"https:\/\/irankiuzona.lt\/product\/kilpiniu-raktu-2140-10-6-22mm-k-tas-su-ideklu-vezimeliui-8-daliu\/"},"modified":"2026-04-12T02:31:18","modified_gmt":"2026-04-12T02:31:18","slug":"kilpiniu-raktu-2140-10-6-22mm-k-tas-su-ideklu-vezimeliui-8-daliu","status":"publish","type":"product","link":"https:\/\/irankiuzona.lt\/ru\/product\/kilpiniu-raktu-2140-10-6-22mm-k-tas-su-ideklu-vezimeliui-8-daliu\/","title":{"rendered":"Kilpini\u0173 rakt\u0173 (2140\/10) 6-22mm k-tas su \u012fd\u0117klu ve\u017eim\u0117liui 8 dali\u0173"},"content":{"rendered":"<p>\u012ed\u0117klo dydis stal\u010diuje &#8211; 1\/3 (36x185x395 mm) Chrom-Vanadium-Stahl  Komplekte: Poliruoti raktai kilpiniai : 6&#215;7 \/ 8&#215;9 \/ 10&#215;11 \/ 12&#215;13 \/ 14&#215;15 \/ 16&#215;17 \/ 18&#215;19 \/ 20&#215;22 mm<\/p>","protected":false},"excerpt":{"rendered":"<p>Kilpini\u0173 rakt\u0173 (2140\/10) 6-22mm k-tas su \u012fd\u0117klu ve\u017eim\u0117liui 8 dali\u0173<\/p>","protected":false},"featured_media":233088,"comment_status":"open","ping_status":"open","template":"","meta":[],"product_cat":[9870],"product_tag":[9462],"class_list":{"0":"post-233086","1":"product","2":"type-product","3":"status-publish","4":"has-post-thumbnail","6":"product_brand-condor-werkzeug-vokietija","7":"product_cat-deklai-i-vezimus-su-irankiais-ir-tusti","8":"product_tag-condor-werkzeug-vokietija","10":"first","11":"instock","12":"purchasable","13":"product-type-simple"},"jetpack_sharing_enabled":true,"_links":{"self":[{"href":"https:\/\/irankiuzona.lt\/ru\/wp-json\/wp\/v2\/product\/233086","targetHints":{"allow":["GET"]}}],"collection":[{"href":"https:\/\/irankiuzona.lt\/ru\/wp-json\/wp\/v2\/product"}],"about":[{"href":"https:\/\/irankiuzona.lt\/ru\/wp-json\/wp\/v2\/types\/product"}],"replies":[{"embeddable":true,"href":"https:\/\/irankiuzona.lt\/ru\/wp-json\/wp\/v2\/comments?post=233086"}],"version-history":[{"count":1,"href":"https:\/\/irankiuzona.lt\/ru\/wp-json\/wp\/v2\/product\/233086\/revisions"}],"predecessor-version":[{"id":412802,"href":"https:\/\/irankiuzona.lt\/ru\/wp-json\/wp\/v2\/product\/233086\/revisions\/412802"}],"wp:featuredmedia":[{"embeddable":true,"href":"https:\/\/irankiuzona.lt\/ru\/wp-json\/wp\/v2\/media\/233088"}],"wp:attachment":[{"href":"https:\/\/irankiuzona.lt\/ru\/wp-json\/wp\/v2\/media?parent=233086"}],"wp:term":[{"taxonomy":"product_cat","embeddable":true,"href":"https:\/\/irankiuzona.lt\/ru\/wp-json\/wp\/v2\/product_cat?post=233086"},{"taxonomy":"product_tag","embeddable":true,"href":"https:\/\/irankiuzona.lt\/ru\/wp-json\/wp\/v2\/product_tag?post=233086"}],"curies":[{"name":"wp","href":"https:\/\/api.w.org\/{rel}","templated":true}]}}