{"id":233089,"date":"2024-09-29T03:50:07","date_gmt":"2024-09-29T03:50:07","guid":{"rendered":"https:\/\/irankiuzona.lt\/product\/nuemeju-komplektas-pusmenuliai-tiltas-14-vnt\/"},"modified":"2026-04-12T04:57:59","modified_gmt":"2026-04-12T04:57:59","slug":"nuemeju-komplektas-pusmenuliai-tiltas-14-vnt","status":"publish","type":"product","link":"https:\/\/irankiuzona.lt\/ru\/product\/nuemeju-komplektas-pusmenuliai-tiltas-14-vnt\/","title":{"rendered":"Nu\u0117m\u0117j\u0173 komplektas (pusm\u0117nuliai) + tiltas, 14 vnt"},"content":{"rendered":"<p>2vnt. Atskyrimo l\u0117k\u0161tut\u0117s \u00d832-56mm ir \u00d856-78mm 2vnt. 115mm prailgintojas 2vnt. 90mm prailgintojas 2vnt. 85mm prailgintojas 2vnt. 60mm prailgintojas 1vnt. Traukimo var\u017etas 180mm 1vnt. Tiltas 160mm\u00a0  Ne profi. Pagamintas Kinijoje.<\/p>","protected":false},"excerpt":{"rendered":"<p>Nu\u0117m\u0117j\u0173 komplektas (pusm\u0117nuliai) + tiltas, 14 vnt<\/p>","protected":false},"featured_media":233091,"comment_status":"open","ping_status":"open","template":"","meta":[],"product_cat":[9536],"product_tag":[9435],"class_list":{"0":"post-233089","1":"product","2":"type-product","3":"status-publish","4":"has-post-thumbnail","6":"product_brand-kinija","7":"product_cat-lygiagretus-nuemejai-atskyrejai-pusmenuliai","8":"product_tag-kinija","10":"first","11":"outofstock","12":"purchasable","13":"product-type-simple"},"jetpack_sharing_enabled":true,"_links":{"self":[{"href":"https:\/\/irankiuzona.lt\/ru\/wp-json\/wp\/v2\/product\/233089","targetHints":{"allow":["GET"]}}],"collection":[{"href":"https:\/\/irankiuzona.lt\/ru\/wp-json\/wp\/v2\/product"}],"about":[{"href":"https:\/\/irankiuzona.lt\/ru\/wp-json\/wp\/v2\/types\/product"}],"replies":[{"embeddable":true,"href":"https:\/\/irankiuzona.lt\/ru\/wp-json\/wp\/v2\/comments?post=233089"}],"version-history":[{"count":1,"href":"https:\/\/irankiuzona.lt\/ru\/wp-json\/wp\/v2\/product\/233089\/revisions"}],"predecessor-version":[{"id":412803,"href":"https:\/\/irankiuzona.lt\/ru\/wp-json\/wp\/v2\/product\/233089\/revisions\/412803"}],"wp:featuredmedia":[{"embeddable":true,"href":"https:\/\/irankiuzona.lt\/ru\/wp-json\/wp\/v2\/media\/233091"}],"wp:attachment":[{"href":"https:\/\/irankiuzona.lt\/ru\/wp-json\/wp\/v2\/media?parent=233089"}],"wp:term":[{"taxonomy":"product_cat","embeddable":true,"href":"https:\/\/irankiuzona.lt\/ru\/wp-json\/wp\/v2\/product_cat?post=233089"},{"taxonomy":"product_tag","embeddable":true,"href":"https:\/\/irankiuzona.lt\/ru\/wp-json\/wp\/v2\/product_tag?post=233089"}],"curies":[{"name":"wp","href":"https:\/\/api.w.org\/{rel}","templated":true}]}}