{"id":233112,"date":"2024-09-29T03:50:10","date_gmt":"2024-09-29T03:50:10","guid":{"rendered":"https:\/\/irankiuzona.lt\/product\/plaktukas-iskalejai-su-deklu-vezimeliui-10daliu\/"},"modified":"2026-04-12T02:31:18","modified_gmt":"2026-04-12T02:31:18","slug":"plaktukas-iskalejai-su-deklu-vezimeliui-10daliu","status":"publish","type":"product","link":"https:\/\/irankiuzona.lt\/ru\/product\/plaktukas-iskalejai-su-deklu-vezimeliui-10daliu\/","title":{"rendered":"Plaktukas + i\u0161kal\u0117jai \/ su d\u0117klu ve\u017eim\u0117liui 10dali\u0173"},"content":{"rendered":"<p>\u012ed\u0117klo dydis stal\u010diuje &#8211; 1\/3 (36x185x395 mm)  Komplekte: I\u0161kal\u0117jai: 3 \/ 4 \/ 5 \/ 6 \/ 7 \/ 8 ( 150 mm )  \u017dymeklis 4&#215;120 mm  Kaltas 24&#215;200 mm  Plaktukas 500g. Peiliukas su 18mm gele\u017et\u0117m<\/p>","protected":false},"excerpt":{"rendered":"<p>Plaktukas + i\u0161kal\u0117jai \/ su d\u0117klu ve\u017eim\u0117liui 10dali\u0173<\/p>","protected":false},"featured_media":233114,"comment_status":"open","ping_status":"open","template":"","meta":[],"product_cat":[9870],"product_tag":[9462],"class_list":{"0":"post-233112","1":"product","2":"type-product","3":"status-publish","4":"has-post-thumbnail","6":"product_brand-condor-werkzeug-vokietija","7":"product_cat-deklai-i-vezimus-su-irankiais-ir-tusti","8":"product_tag-condor-werkzeug-vokietija","10":"first","11":"instock","12":"purchasable","13":"product-type-simple"},"jetpack_sharing_enabled":true,"_links":{"self":[{"href":"https:\/\/irankiuzona.lt\/ru\/wp-json\/wp\/v2\/product\/233112","targetHints":{"allow":["GET"]}}],"collection":[{"href":"https:\/\/irankiuzona.lt\/ru\/wp-json\/wp\/v2\/product"}],"about":[{"href":"https:\/\/irankiuzona.lt\/ru\/wp-json\/wp\/v2\/types\/product"}],"replies":[{"embeddable":true,"href":"https:\/\/irankiuzona.lt\/ru\/wp-json\/wp\/v2\/comments?post=233112"}],"version-history":[{"count":1,"href":"https:\/\/irankiuzona.lt\/ru\/wp-json\/wp\/v2\/product\/233112\/revisions"}],"predecessor-version":[{"id":412811,"href":"https:\/\/irankiuzona.lt\/ru\/wp-json\/wp\/v2\/product\/233112\/revisions\/412811"}],"wp:featuredmedia":[{"embeddable":true,"href":"https:\/\/irankiuzona.lt\/ru\/wp-json\/wp\/v2\/media\/233114"}],"wp:attachment":[{"href":"https:\/\/irankiuzona.lt\/ru\/wp-json\/wp\/v2\/media?parent=233112"}],"wp:term":[{"taxonomy":"product_cat","embeddable":true,"href":"https:\/\/irankiuzona.lt\/ru\/wp-json\/wp\/v2\/product_cat?post=233112"},{"taxonomy":"product_tag","embeddable":true,"href":"https:\/\/irankiuzona.lt\/ru\/wp-json\/wp\/v2\/product_tag?post=233112"}],"curies":[{"name":"wp","href":"https:\/\/api.w.org\/{rel}","templated":true}]}}