{"id":233203,"date":"2024-09-29T03:50:19","date_gmt":"2024-09-29T03:50:19","guid":{"rendered":"https:\/\/irankiuzona.lt\/product\/sedyniu-apmusalu-klipsai-100vnt\/"},"modified":"2026-05-16T16:45:50","modified_gmt":"2026-05-16T16:45:50","slug":"sedyniu-apmusalu-klipsai-100vnt","status":"publish","type":"product","link":"https:\/\/irankiuzona.lt\/ru\/product\/sedyniu-apmusalu-klipsai-100vnt\/","title":{"rendered":"S\u0117dyni\u0173 apmu\u0161al\u0173 klipsai \/ 100vnt."},"content":{"rendered":"<p>for fixing car seat covers<\/p>","protected":false},"excerpt":{"rendered":"<p>S\u0117dyni\u0173 apmu\u0161al\u0173 (u\u017evalkal\u0173) klipsai-s\u0105var\u017eos \/ 100vnt. \/ BGS8873<\/p>","protected":false},"featured_media":233205,"comment_status":"open","ping_status":"open","template":"","meta":[],"product_cat":[9529],"product_tag":[9845],"class_list":{"0":"post-233203","1":"product","2":"type-product","3":"status-publish","4":"has-post-thumbnail","6":"product_brand-vokietija-germany","7":"product_cat-irankiai-apdailos-ardymui","8":"product_tag-vokietija-germany","10":"first","11":"instock","12":"purchasable","13":"product-type-simple"},"jetpack_sharing_enabled":true,"_links":{"self":[{"href":"https:\/\/irankiuzona.lt\/ru\/wp-json\/wp\/v2\/product\/233203","targetHints":{"allow":["GET"]}}],"collection":[{"href":"https:\/\/irankiuzona.lt\/ru\/wp-json\/wp\/v2\/product"}],"about":[{"href":"https:\/\/irankiuzona.lt\/ru\/wp-json\/wp\/v2\/types\/product"}],"replies":[{"embeddable":true,"href":"https:\/\/irankiuzona.lt\/ru\/wp-json\/wp\/v2\/comments?post=233203"}],"version-history":[{"count":1,"href":"https:\/\/irankiuzona.lt\/ru\/wp-json\/wp\/v2\/product\/233203\/revisions"}],"predecessor-version":[{"id":412840,"href":"https:\/\/irankiuzona.lt\/ru\/wp-json\/wp\/v2\/product\/233203\/revisions\/412840"}],"wp:featuredmedia":[{"embeddable":true,"href":"https:\/\/irankiuzona.lt\/ru\/wp-json\/wp\/v2\/media\/233205"}],"wp:attachment":[{"href":"https:\/\/irankiuzona.lt\/ru\/wp-json\/wp\/v2\/media?parent=233203"}],"wp:term":[{"taxonomy":"product_cat","embeddable":true,"href":"https:\/\/irankiuzona.lt\/ru\/wp-json\/wp\/v2\/product_cat?post=233203"},{"taxonomy":"product_tag","embeddable":true,"href":"https:\/\/irankiuzona.lt\/ru\/wp-json\/wp\/v2\/product_tag?post=233203"}],"curies":[{"name":"wp","href":"https:\/\/api.w.org\/{rel}","templated":true}]}}