{"id":233280,"date":"2024-09-29T03:50:27","date_gmt":"2024-09-29T03:50:27","guid":{"rendered":"https:\/\/irankiuzona.lt\/product\/dyz-purkstuku-frezos-raiberiai-17daliu\/"},"modified":"2026-04-12T16:13:43","modified_gmt":"2026-04-12T16:13:43","slug":"dyz-purkstuku-frezos-raiberiai-17daliu","status":"publish","type":"product","link":"https:\/\/irankiuzona.lt\/ru\/product\/dyz-purkstuku-frezos-raiberiai-17daliu\/","title":{"rendered":"Dyz. purk\u0161tuk\u0173 frezos &#8211; raiberiai 17dali\u0173"},"content":{"rendered":"<p>Ne profesionaliam naudojimui!  14mm x 14mm Flat Reamer 15mm x 19mm Flat Reamer 15.5mm x 15.5mm Flat Reamer 15.5mm x 15.5mm Angled Reamer 17mm x 17mm Angled Reamer 17mm x 17mm Flat Reamer 17mm x 17.5mm Flat Reamer 17mm x 19mm Flat Reamer 17mm x 19.5mm Flat Reamer 17mm x 20mm Flat Reamer 17mm x 21mm Angled Reamer 17.5mm x 20.5mm Angled Reamer 19mm x 21.5mm Flat Reamer T-handle Pilot Hex 19 x 170mm 15.5 X 250mm Cutter 2.5mm Hex Key&quot;<\/p>","protected":false},"excerpt":{"rendered":"<p>Dyz. purk\u0161tuk\u0173 frezos &#8211; raiberiai 17dali\u0173<\/p>","protected":false},"featured_media":233282,"comment_status":"open","ping_status":"open","template":"","meta":[],"product_cat":[9698],"product_tag":[9435],"class_list":{"0":"post-233280","1":"product","2":"type-product","3":"status-publish","4":"has-post-thumbnail","6":"product_brand-kinija","7":"product_cat-frezos-raiberiai-purkstukams","8":"product_tag-kinija","10":"first","11":"outofstock","12":"purchasable","13":"product-type-simple"},"jetpack_sharing_enabled":true,"_links":{"self":[{"href":"https:\/\/irankiuzona.lt\/ru\/wp-json\/wp\/v2\/product\/233280","targetHints":{"allow":["GET"]}}],"collection":[{"href":"https:\/\/irankiuzona.lt\/ru\/wp-json\/wp\/v2\/product"}],"about":[{"href":"https:\/\/irankiuzona.lt\/ru\/wp-json\/wp\/v2\/types\/product"}],"replies":[{"embeddable":true,"href":"https:\/\/irankiuzona.lt\/ru\/wp-json\/wp\/v2\/comments?post=233280"}],"version-history":[{"count":1,"href":"https:\/\/irankiuzona.lt\/ru\/wp-json\/wp\/v2\/product\/233280\/revisions"}],"predecessor-version":[{"id":412865,"href":"https:\/\/irankiuzona.lt\/ru\/wp-json\/wp\/v2\/product\/233280\/revisions\/412865"}],"wp:featuredmedia":[{"embeddable":true,"href":"https:\/\/irankiuzona.lt\/ru\/wp-json\/wp\/v2\/media\/233282"}],"wp:attachment":[{"href":"https:\/\/irankiuzona.lt\/ru\/wp-json\/wp\/v2\/media?parent=233280"}],"wp:term":[{"taxonomy":"product_cat","embeddable":true,"href":"https:\/\/irankiuzona.lt\/ru\/wp-json\/wp\/v2\/product_cat?post=233280"},{"taxonomy":"product_tag","embeddable":true,"href":"https:\/\/irankiuzona.lt\/ru\/wp-json\/wp\/v2\/product_tag?post=233280"}],"curies":[{"name":"wp","href":"https:\/\/api.w.org\/{rel}","templated":true}]}}