{"id":233334,"date":"2024-09-29T03:50:32","date_gmt":"2024-09-29T03:50:32","guid":{"rendered":"https:\/\/irankiuzona.lt\/product\/vamzdinis-raktas-stebulei-140mm-6-kampu\/"},"modified":"2026-04-12T05:51:56","modified_gmt":"2026-04-12T05:51:56","slug":"vamzdinis-raktas-stebulei-140mm-6-kampu","status":"publish","type":"product","link":"https:\/\/irankiuzona.lt\/ru\/product\/vamzdinis-raktas-stebulei-140mm-6-kampu\/","title":{"rendered":"Vamzdinis raktas stebulei 140mm 6-kamp\u0173"},"content":{"rendered":"","protected":false},"excerpt":{"rendered":"<p>Raktas stebulei\u00a0140mm 6-kamp\u0117 (galvut\u0117 vamzdelin\u0117)<\/p>","protected":false},"featured_media":173492,"comment_status":"open","ping_status":"open","template":"","meta":[],"product_cat":[9899],"product_tag":[9778],"class_list":{"0":"post-233334","1":"product","2":"type-product","3":"status-publish","4":"has-post-thumbnail","6":"product_brand-triumf-professional-tools-slovakija","7":"product_cat-galvutes-6-kampes-dideli-dydziai","8":"product_tag-triumf-professional-tools-slovakija","10":"first","11":"instock","12":"purchasable","13":"product-type-simple"},"jetpack_sharing_enabled":true,"_links":{"self":[{"href":"https:\/\/irankiuzona.lt\/ru\/wp-json\/wp\/v2\/product\/233334","targetHints":{"allow":["GET"]}}],"collection":[{"href":"https:\/\/irankiuzona.lt\/ru\/wp-json\/wp\/v2\/product"}],"about":[{"href":"https:\/\/irankiuzona.lt\/ru\/wp-json\/wp\/v2\/types\/product"}],"replies":[{"embeddable":true,"href":"https:\/\/irankiuzona.lt\/ru\/wp-json\/wp\/v2\/comments?post=233334"}],"version-history":[{"count":1,"href":"https:\/\/irankiuzona.lt\/ru\/wp-json\/wp\/v2\/product\/233334\/revisions"}],"predecessor-version":[{"id":412884,"href":"https:\/\/irankiuzona.lt\/ru\/wp-json\/wp\/v2\/product\/233334\/revisions\/412884"}],"wp:featuredmedia":[{"embeddable":true,"href":"https:\/\/irankiuzona.lt\/ru\/wp-json\/wp\/v2\/media\/173492"}],"wp:attachment":[{"href":"https:\/\/irankiuzona.lt\/ru\/wp-json\/wp\/v2\/media?parent=233334"}],"wp:term":[{"taxonomy":"product_cat","embeddable":true,"href":"https:\/\/irankiuzona.lt\/ru\/wp-json\/wp\/v2\/product_cat?post=233334"},{"taxonomy":"product_tag","embeddable":true,"href":"https:\/\/irankiuzona.lt\/ru\/wp-json\/wp\/v2\/product_tag?post=233334"}],"curies":[{"name":"wp","href":"https:\/\/api.w.org\/{rel}","templated":true}]}}