{"id":233339,"date":"2024-09-29T03:50:33","date_gmt":"2024-09-29T03:50:33","guid":{"rendered":"https:\/\/irankiuzona.lt\/product\/kontaktiniu-montavimo-irankiu-k-tas-su-ideklu-vezimeliui-23-daliu\/"},"modified":"2026-04-12T02:31:25","modified_gmt":"2026-04-12T02:31:25","slug":"kontaktiniu-montavimo-irankiu-k-tas-su-ideklu-vezimeliui-23-daliu","status":"publish","type":"product","link":"https:\/\/irankiuzona.lt\/ru\/product\/kontaktiniu-montavimo-irankiu-k-tas-su-ideklu-vezimeliui-23-daliu\/","title":{"rendered":"Kontaktini\u0173-montavimo \u012franki\u0173 k-tas su \u012fd\u0117klu ve\u017eim\u0117liui 23 dali\u0173"},"content":{"rendered":"<p>\u00a0\u012ed\u0117klo dydis stal\u010diuje &#8211; 2\/3 (36x375x395 mm)  Komplekte: 5023-01 &#8211; universalus 5023-02 &#8211; MB 5023-03 &#8211; BMW, Ford, MB, Opel, Porsche, VAG  5023-04 &#8211; Ford 5023-05 &#8211; Opel, VAG  5023-06 &#8211; universalus 5023-07 &#8211; universalus 5023-08 &#8211; Ford, MB  5023-09 &#8211; Ford, MB  5023-10 &#8211; BMW, MB, Opel, Porsche, VAG  5023-11 &#8211; BMW, Jag., MB, Porsche, VAG  5023-12 &#8211; BMW, MB, Opel, VAG  5023-13 &#8211; Ford, Porsche, Jag.  5023-14 &#8211; Ford  5023-15 &#8211; BMW, Ford, MB, Opel, VAG  5023-16 &#8211; Ford, Jag., MB, Opel, Porsche, VAG 5023-17 &#8211; BMW  5023-18 &#8211; MB 5023-19 &#8211; universalus 5023-20 &#8211; universalus 5023-21 &#8211; MB  5023-22 &#8211; Opel, Renault, VAG  5023-23 &#8211; Honda, Opel, Toyota, VAG<\/p>","protected":false},"excerpt":{"rendered":"<p>Kontaktini\u0173-montavimo \u012franki\u0173 k-tas su \u012fd\u0117klu ve\u017eim\u0117liui 23 dali\u0173\u00a0<\/p>","protected":false},"featured_media":233341,"comment_status":"open","ping_status":"open","template":"","meta":[],"product_cat":[9870],"product_tag":[9462],"class_list":{"0":"post-233339","1":"product","2":"type-product","3":"status-publish","4":"has-post-thumbnail","6":"product_brand-condor-werkzeug-vokietija","7":"product_cat-deklai-i-vezimus-su-irankiais-ir-tusti","8":"product_tag-condor-werkzeug-vokietija","10":"first","11":"instock","12":"purchasable","13":"product-type-simple"},"jetpack_sharing_enabled":true,"_links":{"self":[{"href":"https:\/\/irankiuzona.lt\/ru\/wp-json\/wp\/v2\/product\/233339","targetHints":{"allow":["GET"]}}],"collection":[{"href":"https:\/\/irankiuzona.lt\/ru\/wp-json\/wp\/v2\/product"}],"about":[{"href":"https:\/\/irankiuzona.lt\/ru\/wp-json\/wp\/v2\/types\/product"}],"replies":[{"embeddable":true,"href":"https:\/\/irankiuzona.lt\/ru\/wp-json\/wp\/v2\/comments?post=233339"}],"version-history":[{"count":1,"href":"https:\/\/irankiuzona.lt\/ru\/wp-json\/wp\/v2\/product\/233339\/revisions"}],"predecessor-version":[{"id":412886,"href":"https:\/\/irankiuzona.lt\/ru\/wp-json\/wp\/v2\/product\/233339\/revisions\/412886"}],"wp:featuredmedia":[{"embeddable":true,"href":"https:\/\/irankiuzona.lt\/ru\/wp-json\/wp\/v2\/media\/233341"}],"wp:attachment":[{"href":"https:\/\/irankiuzona.lt\/ru\/wp-json\/wp\/v2\/media?parent=233339"}],"wp:term":[{"taxonomy":"product_cat","embeddable":true,"href":"https:\/\/irankiuzona.lt\/ru\/wp-json\/wp\/v2\/product_cat?post=233339"},{"taxonomy":"product_tag","embeddable":true,"href":"https:\/\/irankiuzona.lt\/ru\/wp-json\/wp\/v2\/product_tag?post=233339"}],"curies":[{"name":"wp","href":"https:\/\/api.w.org\/{rel}","templated":true}]}}