{"id":233342,"date":"2024-09-29T03:50:33","date_gmt":"2024-09-29T03:50:33","guid":{"rendered":"https:\/\/irankiuzona.lt\/product\/dyz-purkstuku-frezos-raiberiai-10daliu\/"},"modified":"2026-04-12T04:58:09","modified_gmt":"2026-04-12T04:58:09","slug":"dyz-purkstuku-frezos-raiberiai-10daliu","status":"publish","type":"product","link":"https:\/\/irankiuzona.lt\/ru\/product\/dyz-purkstuku-frezos-raiberiai-10daliu\/","title":{"rendered":"Dyz. purk\u0161tuk\u0173 frezos &#8211; raiberiai 10dali\u0173"},"content":{"rendered":"<p>Neprofesionaliam naudojimui !1PC 15mm x 19mm Flat Reamer1PC 17mm x 17mm Angled Reamer1PC 17mm x 17mm Flat Reamer1PC 17mm x 19mm Flat Reamer1PC 17mm x 21mm Angled Reamer1PC 18mm x 21mm Flat Reamer1PC 20mm x 21mm Flat Reamer1PC T-handle 135 x 160m1PC Pilot Hex 19 x170mm1PC 15.5 X 225mm Cutter1PC 2.5mm Hex Key<\/p>","protected":false},"excerpt":{"rendered":"<p>Dyz. purk\u0161tuk\u0173 frezos &#8211; raiberiai 10dali\u0173<\/p>","protected":false},"featured_media":233344,"comment_status":"open","ping_status":"open","template":"","meta":[],"product_cat":[9698],"product_tag":[9435],"class_list":{"0":"post-233342","1":"product","2":"type-product","3":"status-publish","4":"has-post-thumbnail","6":"product_brand-kinija","7":"product_cat-frezos-raiberiai-purkstukams","8":"product_tag-kinija","10":"first","11":"outofstock","12":"purchasable","13":"product-type-simple"},"jetpack_sharing_enabled":true,"_links":{"self":[{"href":"https:\/\/irankiuzona.lt\/ru\/wp-json\/wp\/v2\/product\/233342","targetHints":{"allow":["GET"]}}],"collection":[{"href":"https:\/\/irankiuzona.lt\/ru\/wp-json\/wp\/v2\/product"}],"about":[{"href":"https:\/\/irankiuzona.lt\/ru\/wp-json\/wp\/v2\/types\/product"}],"replies":[{"embeddable":true,"href":"https:\/\/irankiuzona.lt\/ru\/wp-json\/wp\/v2\/comments?post=233342"}],"version-history":[{"count":1,"href":"https:\/\/irankiuzona.lt\/ru\/wp-json\/wp\/v2\/product\/233342\/revisions"}],"predecessor-version":[{"id":412887,"href":"https:\/\/irankiuzona.lt\/ru\/wp-json\/wp\/v2\/product\/233342\/revisions\/412887"}],"wp:featuredmedia":[{"embeddable":true,"href":"https:\/\/irankiuzona.lt\/ru\/wp-json\/wp\/v2\/media\/233344"}],"wp:attachment":[{"href":"https:\/\/irankiuzona.lt\/ru\/wp-json\/wp\/v2\/media?parent=233342"}],"wp:term":[{"taxonomy":"product_cat","embeddable":true,"href":"https:\/\/irankiuzona.lt\/ru\/wp-json\/wp\/v2\/product_cat?post=233342"},{"taxonomy":"product_tag","embeddable":true,"href":"https:\/\/irankiuzona.lt\/ru\/wp-json\/wp\/v2\/product_tag?post=233342"}],"curies":[{"name":"wp","href":"https:\/\/api.w.org\/{rel}","templated":true}]}}