{"id":233460,"date":"2024-09-29T03:50:44","date_gmt":"2024-09-29T03:50:44","guid":{"rendered":"https:\/\/irankiuzona.lt\/product\/galvute-22mm-12k-dyzelino-purkstukui\/"},"modified":"2026-04-11T10:30:33","modified_gmt":"2026-04-11T10:30:33","slug":"galvute-22mm-12k-dyzelino-purkstukui","status":"publish","type":"product","link":"https:\/\/irankiuzona.lt\/ru\/product\/galvute-22mm-12k-dyzelino-purkstukui\/","title":{"rendered":"Galvut\u0117 22mm 12k  dyzelino purk\u0161tukui"},"content":{"rendered":"<p>Dydis 1\/2&quot; 22 mm 12-kamp\u0117I\u0161orinis \u00d8 32 mmL = 78 mmTinka Nissan ir VW<\/p>","protected":false},"excerpt":{"rendered":"<p>Galvut\u0117 22mm 12k\u00a0 dyzelino purk\u0161tukui<\/p>","protected":false},"featured_media":233462,"comment_status":"open","ping_status":"open","template":"","meta":[],"product_cat":[9633],"product_tag":[],"class_list":{"0":"post-233460","1":"product","2":"type-product","3":"status-publish","4":"has-post-thumbnail","6":"product_cat-galvutes-purkstukams","8":"first","9":"outofstock","10":"purchasable","11":"product-type-simple"},"jetpack_sharing_enabled":true,"_links":{"self":[{"href":"https:\/\/irankiuzona.lt\/ru\/wp-json\/wp\/v2\/product\/233460","targetHints":{"allow":["GET"]}}],"collection":[{"href":"https:\/\/irankiuzona.lt\/ru\/wp-json\/wp\/v2\/product"}],"about":[{"href":"https:\/\/irankiuzona.lt\/ru\/wp-json\/wp\/v2\/types\/product"}],"replies":[{"embeddable":true,"href":"https:\/\/irankiuzona.lt\/ru\/wp-json\/wp\/v2\/comments?post=233460"}],"version-history":[{"count":1,"href":"https:\/\/irankiuzona.lt\/ru\/wp-json\/wp\/v2\/product\/233460\/revisions"}],"predecessor-version":[{"id":412926,"href":"https:\/\/irankiuzona.lt\/ru\/wp-json\/wp\/v2\/product\/233460\/revisions\/412926"}],"wp:featuredmedia":[{"embeddable":true,"href":"https:\/\/irankiuzona.lt\/ru\/wp-json\/wp\/v2\/media\/233462"}],"wp:attachment":[{"href":"https:\/\/irankiuzona.lt\/ru\/wp-json\/wp\/v2\/media?parent=233460"}],"wp:term":[{"taxonomy":"product_cat","embeddable":true,"href":"https:\/\/irankiuzona.lt\/ru\/wp-json\/wp\/v2\/product_cat?post=233460"},{"taxonomy":"product_tag","embeddable":true,"href":"https:\/\/irankiuzona.lt\/ru\/wp-json\/wp\/v2\/product_tag?post=233460"}],"curies":[{"name":"wp","href":"https:\/\/api.w.org\/{rel}","templated":true}]}}