{"id":233466,"date":"2024-09-29T03:50:45","date_gmt":"2024-09-29T03:50:45","guid":{"rendered":"https:\/\/irankiuzona.lt\/product\/smuginiu-ilgu-galvuciu-komplektas-3-4-12-kamp-antgaliukai-spline-hex\/"},"modified":"2026-04-12T19:31:44","modified_gmt":"2026-04-12T19:31:44","slug":"smuginiu-ilgu-galvuciu-komplektas-3-4-12-kamp-antgaliukai-spline-hex","status":"publish","type":"product","link":"https:\/\/irankiuzona.lt\/ru\/product\/smuginiu-ilgu-galvuciu-komplektas-3-4-12-kamp-antgaliukai-spline-hex\/","title":{"rendered":"Sm\u016bgini\u0173 ilg\u0173 galvu\u010di\u0173 komplektas 3\/4&quot; 12-kamp. + antgaliukai SPLINE\/HEX"},"content":{"rendered":"<p>XcessPerformanceChrome-molybdenum-steel  Komplekte: 1\/2 12-kamp. galvos (85mm ilgio) &#8211; 24, 27, 30, 32, 34, 36 mm. 1\/2 SPLINE antgaliai (78mm ilgio) &#8211; M14, M16, M18 1\/2 HEX 6-kampiai antgaliai (40mm ilgio) &#8211; 14, 17, 19 mm.<\/p>","protected":false},"excerpt":{"rendered":"<p>Sm\u016bgini\u0173 ilg\u0173 galvu\u010di\u0173 komplektas 3\/4&quot; 12-kamp. + antgaliukai SPLINE\/HEX<\/p>","protected":false},"featured_media":233468,"comment_status":"open","ping_status":"open","template":"","meta":[],"product_cat":[9499],"product_tag":[9462],"class_list":{"0":"post-233466","1":"product","2":"type-product","3":"status-publish","4":"has-post-thumbnail","6":"product_brand-condor-werkzeug-vokietija","7":"product_cat-smuginiu-galvuciu-komplektai","8":"product_tag-condor-werkzeug-vokietija","10":"first","11":"instock","12":"purchasable","13":"product-type-simple"},"jetpack_sharing_enabled":true,"_links":{"self":[{"href":"https:\/\/irankiuzona.lt\/ru\/wp-json\/wp\/v2\/product\/233466","targetHints":{"allow":["GET"]}}],"collection":[{"href":"https:\/\/irankiuzona.lt\/ru\/wp-json\/wp\/v2\/product"}],"about":[{"href":"https:\/\/irankiuzona.lt\/ru\/wp-json\/wp\/v2\/types\/product"}],"replies":[{"embeddable":true,"href":"https:\/\/irankiuzona.lt\/ru\/wp-json\/wp\/v2\/comments?post=233466"}],"version-history":[{"count":1,"href":"https:\/\/irankiuzona.lt\/ru\/wp-json\/wp\/v2\/product\/233466\/revisions"}],"predecessor-version":[{"id":412928,"href":"https:\/\/irankiuzona.lt\/ru\/wp-json\/wp\/v2\/product\/233466\/revisions\/412928"}],"wp:featuredmedia":[{"embeddable":true,"href":"https:\/\/irankiuzona.lt\/ru\/wp-json\/wp\/v2\/media\/233468"}],"wp:attachment":[{"href":"https:\/\/irankiuzona.lt\/ru\/wp-json\/wp\/v2\/media?parent=233466"}],"wp:term":[{"taxonomy":"product_cat","embeddable":true,"href":"https:\/\/irankiuzona.lt\/ru\/wp-json\/wp\/v2\/product_cat?post=233466"},{"taxonomy":"product_tag","embeddable":true,"href":"https:\/\/irankiuzona.lt\/ru\/wp-json\/wp\/v2\/product_tag?post=233466"}],"curies":[{"name":"wp","href":"https:\/\/api.w.org\/{rel}","templated":true}]}}