{"id":233510,"date":"2024-09-29T03:50:49","date_gmt":"2024-09-29T03:50:49","guid":{"rendered":"https:\/\/irankiuzona.lt\/product\/ekscentrinis-slifuoklis-280w-graphite\/"},"modified":"2025-05-14T05:05:35","modified_gmt":"2025-05-14T05:05:35","slug":"ekscentrinis-slifuoklis-280w-graphite","status":"publish","type":"product","link":"https:\/\/irankiuzona.lt\/ru\/product\/ekscentrinis-slifuoklis-280w-graphite\/","title":{"rendered":"Ekscentrinis \u0161lifuoklis 280W, GRAPHITE"},"content":{"rendered":"<p>Galia: 240 W Vibracijos da\u017enis 24000\/min Diametras \u0161lifavimo popieriaus: 125 mm Svoris 1,2 kg  Garantija &#8211; 24m\u0117n (juridiniam 12m\u0117n)<\/p>","protected":false},"excerpt":{"rendered":"<p>Ekscentrinis \u0161lifuoklis 280W, GRAPHITE<\/p>","protected":false},"featured_media":233512,"comment_status":"open","ping_status":"open","template":"","meta":[],"product_cat":[9880],"product_tag":[9891],"class_list":{"0":"post-233510","1":"product","2":"type-product","3":"status-publish","4":"has-post-thumbnail","6":"product_brand-graphite","7":"product_cat-elektriniai-slifuokliai-ekscentriniai-plokstuminiai","8":"product_tag-graphite","10":"first","11":"outofstock","12":"purchasable","13":"product-type-simple"},"jetpack_sharing_enabled":true,"_links":{"self":[{"href":"https:\/\/irankiuzona.lt\/ru\/wp-json\/wp\/v2\/product\/233510","targetHints":{"allow":["GET"]}}],"collection":[{"href":"https:\/\/irankiuzona.lt\/ru\/wp-json\/wp\/v2\/product"}],"about":[{"href":"https:\/\/irankiuzona.lt\/ru\/wp-json\/wp\/v2\/types\/product"}],"replies":[{"embeddable":true,"href":"https:\/\/irankiuzona.lt\/ru\/wp-json\/wp\/v2\/comments?post=233510"}],"version-history":[{"count":0,"href":"https:\/\/irankiuzona.lt\/ru\/wp-json\/wp\/v2\/product\/233510\/revisions"}],"wp:featuredmedia":[{"embeddable":true,"href":"https:\/\/irankiuzona.lt\/ru\/wp-json\/wp\/v2\/media\/233512"}],"wp:attachment":[{"href":"https:\/\/irankiuzona.lt\/ru\/wp-json\/wp\/v2\/media?parent=233510"}],"wp:term":[{"taxonomy":"product_cat","embeddable":true,"href":"https:\/\/irankiuzona.lt\/ru\/wp-json\/wp\/v2\/product_cat?post=233510"},{"taxonomy":"product_tag","embeddable":true,"href":"https:\/\/irankiuzona.lt\/ru\/wp-json\/wp\/v2\/product_tag?post=233510"}],"curies":[{"name":"wp","href":"https:\/\/api.w.org\/{rel}","templated":true}]}}