{"id":233519,"date":"2024-09-29T03:50:50","date_gmt":"2024-09-29T03:50:50","guid":{"rendered":"https:\/\/irankiuzona.lt\/product\/skersavimo-pjuklas-1800w-graphite\/"},"modified":"2025-04-23T08:25:13","modified_gmt":"2025-04-23T08:25:13","slug":"skersavimo-pjuklas-1800w-graphite","status":"publish","type":"product","link":"https:\/\/irankiuzona.lt\/ru\/product\/skersavimo-pjuklas-1800w-graphite\/","title":{"rendered":"Skersavimo pj\u016bklas 1800W, GRAPHITE"},"content":{"rendered":"<p>\u012etampa: 230V~50Hz Galingumas: 1800W Apsukos: 4600 MIN-1 Galimas disko i\u0161or.\/ disko vidin\u0117s skyl\u0117s diametras, mm: 210\/30 &#8211; 255\/30 Pjovimo kampas: 0-45 laips. Posvyrio kampas (+- kair\u0117\/de\u0161in\u0117): \u00b145\u00ba Pjovimo gylis max.\u00a0 90\u00ba\/90\u00ba:\u00a0 90 &#8211; 280 mm Lazeris: yra, <1 mW Svoris: 16KG  Garantija 24m\u0117n (juridiniam 12m\u0117n)\n<\/p>","protected":false},"excerpt":{"rendered":"<p>Skersavimo pj\u016bklas 1800W, GRAPHITE<\/p>","protected":false},"featured_media":233521,"comment_status":"open","ping_status":"open","template":"","meta":[],"product_cat":[9920],"product_tag":[9891],"class_list":{"0":"post-233519","1":"product","2":"type-product","3":"status-publish","4":"has-post-thumbnail","6":"product_brand-graphite","7":"product_cat-pjuklai-siaurapjukliai","8":"product_tag-graphite","10":"first","11":"outofstock","12":"purchasable","13":"product-type-simple"},"jetpack_sharing_enabled":true,"_links":{"self":[{"href":"https:\/\/irankiuzona.lt\/ru\/wp-json\/wp\/v2\/product\/233519","targetHints":{"allow":["GET"]}}],"collection":[{"href":"https:\/\/irankiuzona.lt\/ru\/wp-json\/wp\/v2\/product"}],"about":[{"href":"https:\/\/irankiuzona.lt\/ru\/wp-json\/wp\/v2\/types\/product"}],"replies":[{"embeddable":true,"href":"https:\/\/irankiuzona.lt\/ru\/wp-json\/wp\/v2\/comments?post=233519"}],"version-history":[{"count":0,"href":"https:\/\/irankiuzona.lt\/ru\/wp-json\/wp\/v2\/product\/233519\/revisions"}],"wp:featuredmedia":[{"embeddable":true,"href":"https:\/\/irankiuzona.lt\/ru\/wp-json\/wp\/v2\/media\/233521"}],"wp:attachment":[{"href":"https:\/\/irankiuzona.lt\/ru\/wp-json\/wp\/v2\/media?parent=233519"}],"wp:term":[{"taxonomy":"product_cat","embeddable":true,"href":"https:\/\/irankiuzona.lt\/ru\/wp-json\/wp\/v2\/product_cat?post=233519"},{"taxonomy":"product_tag","embeddable":true,"href":"https:\/\/irankiuzona.lt\/ru\/wp-json\/wp\/v2\/product_tag?post=233519"}],"curies":[{"name":"wp","href":"https:\/\/api.w.org\/{rel}","templated":true}]}}