{"id":233539,"date":"2024-09-29T03:50:52","date_gmt":"2024-09-29T03:50:52","guid":{"rendered":"https:\/\/irankiuzona.lt\/product\/1-2-antgaliu-ir-e-profil-galvu-k-tas-su-ideklu-vezimeliui-34-daliu\/"},"modified":"2026-05-16T13:28:34","modified_gmt":"2026-05-16T13:28:34","slug":"1-2-antgaliu-ir-e-profil-galvu-k-tas-su-ideklu-vezimeliui-34-daliu","status":"publish","type":"product","link":"https:\/\/irankiuzona.lt\/ru\/product\/1-2-antgaliu-ir-e-profil-galvu-k-tas-su-ideklu-vezimeliui-34-daliu\/","title":{"rendered":"1\/2 antgali\u0173 ir E-profil galv\u0173 k-tas su \u012fd\u0117klu ve\u017eim\u0117liui 34 dali\u0173"},"content":{"rendered":"<p>\u012ed\u0117klo dydis stal\u010diuje &#8211; 1\/3 (36x185x395 mm) S2 Chrome-vanadium steel  Komplekte: Galvut\u0117s &quot;E-profil&quot; E10-E24 \u012epresuoti TORX : T20-T60 ( 55mm ) \u012epresuoti 6-kampiai : H6-H19 ( 55mm ) \u012epresuoti SPLINE : M5-M16 ( 55mm )<\/p>","protected":false},"excerpt":{"rendered":"<p>1\/2 antgali\u0173 ir E-profil galv\u0173 k-tas su \u012fd\u0117klu ve\u017eim\u0117liui 34 dali\u0173<\/p>","protected":false},"featured_media":233541,"comment_status":"open","ping_status":"open","template":"","meta":[],"product_cat":[9870],"product_tag":[9462],"class_list":{"0":"post-233539","1":"product","2":"type-product","3":"status-publish","4":"has-post-thumbnail","6":"product_brand-condor-werkzeug-vokietija","7":"product_cat-deklai-i-vezimus-su-irankiais-ir-tusti","8":"product_tag-condor-werkzeug-vokietija","10":"first","11":"instock","12":"purchasable","13":"product-type-simple"},"jetpack_sharing_enabled":true,"_links":{"self":[{"href":"https:\/\/irankiuzona.lt\/ru\/wp-json\/wp\/v2\/product\/233539","targetHints":{"allow":["GET"]}}],"collection":[{"href":"https:\/\/irankiuzona.lt\/ru\/wp-json\/wp\/v2\/product"}],"about":[{"href":"https:\/\/irankiuzona.lt\/ru\/wp-json\/wp\/v2\/types\/product"}],"replies":[{"embeddable":true,"href":"https:\/\/irankiuzona.lt\/ru\/wp-json\/wp\/v2\/comments?post=233539"}],"version-history":[{"count":1,"href":"https:\/\/irankiuzona.lt\/ru\/wp-json\/wp\/v2\/product\/233539\/revisions"}],"predecessor-version":[{"id":412945,"href":"https:\/\/irankiuzona.lt\/ru\/wp-json\/wp\/v2\/product\/233539\/revisions\/412945"}],"wp:featuredmedia":[{"embeddable":true,"href":"https:\/\/irankiuzona.lt\/ru\/wp-json\/wp\/v2\/media\/233541"}],"wp:attachment":[{"href":"https:\/\/irankiuzona.lt\/ru\/wp-json\/wp\/v2\/media?parent=233539"}],"wp:term":[{"taxonomy":"product_cat","embeddable":true,"href":"https:\/\/irankiuzona.lt\/ru\/wp-json\/wp\/v2\/product_cat?post=233539"},{"taxonomy":"product_tag","embeddable":true,"href":"https:\/\/irankiuzona.lt\/ru\/wp-json\/wp\/v2\/product_tag?post=233539"}],"curies":[{"name":"wp","href":"https:\/\/api.w.org\/{rel}","templated":true}]}}