{"id":233887,"date":"2024-09-29T04:00:30","date_gmt":"2024-09-29T04:00:30","guid":{"rendered":"https:\/\/irankiuzona.lt\/product\/galvute-zvakems-3-8-14mm-12kampe\/"},"modified":"2026-04-15T18:30:26","modified_gmt":"2026-04-15T18:30:26","slug":"galvute-zvakems-3-8-14mm-12kampe","status":"publish","type":"product","link":"https:\/\/irankiuzona.lt\/ru\/product\/galvute-zvakems-3-8-14mm-12kampe\/","title":{"rendered":"Galvut\u0117 \u017evak\u0117ms 3\/8&quot; 14mm. 12kamp\u0117"},"content":{"rendered":"<p>Galvut\u0117 \u017evakin\u0117 su guma 14mm.Ilgis &#8211; 65 mmLizdas &#8211; 3\/8<\/p>","protected":false},"excerpt":{"rendered":"<p>Galvut\u0117 \u017evak\u0117ms 3\/8&quot; 14mm. 12kamp\u0117<\/p>","protected":false},"featured_media":233889,"comment_status":"open","ping_status":"open","template":"","meta":[],"product_cat":[9619],"product_tag":[9898],"class_list":{"0":"post-233887","1":"product","2":"type-product","3":"status-publish","4":"has-post-thumbnail","6":"product_brand-avtodelo","7":"product_cat-galvutes-zvakems","8":"product_tag-avtodelo","10":"first","11":"outofstock","12":"purchasable","13":"product-type-simple"},"jetpack_sharing_enabled":true,"_links":{"self":[{"href":"https:\/\/irankiuzona.lt\/ru\/wp-json\/wp\/v2\/product\/233887","targetHints":{"allow":["GET"]}}],"collection":[{"href":"https:\/\/irankiuzona.lt\/ru\/wp-json\/wp\/v2\/product"}],"about":[{"href":"https:\/\/irankiuzona.lt\/ru\/wp-json\/wp\/v2\/types\/product"}],"replies":[{"embeddable":true,"href":"https:\/\/irankiuzona.lt\/ru\/wp-json\/wp\/v2\/comments?post=233887"}],"version-history":[{"count":1,"href":"https:\/\/irankiuzona.lt\/ru\/wp-json\/wp\/v2\/product\/233887\/revisions"}],"predecessor-version":[{"id":413041,"href":"https:\/\/irankiuzona.lt\/ru\/wp-json\/wp\/v2\/product\/233887\/revisions\/413041"}],"wp:featuredmedia":[{"embeddable":true,"href":"https:\/\/irankiuzona.lt\/ru\/wp-json\/wp\/v2\/media\/233889"}],"wp:attachment":[{"href":"https:\/\/irankiuzona.lt\/ru\/wp-json\/wp\/v2\/media?parent=233887"}],"wp:term":[{"taxonomy":"product_cat","embeddable":true,"href":"https:\/\/irankiuzona.lt\/ru\/wp-json\/wp\/v2\/product_cat?post=233887"},{"taxonomy":"product_tag","embeddable":true,"href":"https:\/\/irankiuzona.lt\/ru\/wp-json\/wp\/v2\/product_tag?post=233887"}],"curies":[{"name":"wp","href":"https:\/\/api.w.org\/{rel}","templated":true}]}}