{"id":234061,"date":"2024-09-29T04:00:51","date_gmt":"2024-09-29T04:00:51","guid":{"rendered":"https:\/\/irankiuzona.lt\/product\/graztas-freza-suvirinimo-taskams-95mm\/"},"modified":"2026-04-16T12:57:59","modified_gmt":"2026-04-16T12:57:59","slug":"graztas-freza-suvirinimo-taskams-95mm","status":"publish","type":"product","link":"https:\/\/irankiuzona.lt\/ru\/product\/graztas-freza-suvirinimo-taskams-95mm\/","title":{"rendered":"Gr\u0105\u017etas-freza suvirinimo ta\u0161kams 9,5mm"},"content":{"rendered":"<p>The land is made of quick-speed steel P9.<br \/>\nCutting bit diameter &#8211; 9.5 mm.<br \/>\nEqquiped with spring-loaded aligninng bar.<br \/>\nDesigned to operate with power tools.<\/p>","protected":false},"excerpt":{"rendered":"<p>Gr\u0105\u017etas-freza suvirinimo ta\u0161kams 9,5mm<\/p>","protected":false},"featured_media":234063,"comment_status":"open","ping_status":"open","template":"","meta":[],"product_cat":[9602],"product_tag":[9898],"class_list":{"0":"post-234061","1":"product","2":"type-product","3":"status-publish","4":"has-post-thumbnail","6":"product_brand-avtodelo","7":"product_cat-graztai-suvirinimo-taskams","8":"product_tag-avtodelo","10":"first","11":"instock","12":"purchasable","13":"product-type-simple"},"jetpack_sharing_enabled":true,"_links":{"self":[{"href":"https:\/\/irankiuzona.lt\/ru\/wp-json\/wp\/v2\/product\/234061","targetHints":{"allow":["GET"]}}],"collection":[{"href":"https:\/\/irankiuzona.lt\/ru\/wp-json\/wp\/v2\/product"}],"about":[{"href":"https:\/\/irankiuzona.lt\/ru\/wp-json\/wp\/v2\/types\/product"}],"replies":[{"embeddable":true,"href":"https:\/\/irankiuzona.lt\/ru\/wp-json\/wp\/v2\/comments?post=234061"}],"version-history":[{"count":1,"href":"https:\/\/irankiuzona.lt\/ru\/wp-json\/wp\/v2\/product\/234061\/revisions"}],"predecessor-version":[{"id":413086,"href":"https:\/\/irankiuzona.lt\/ru\/wp-json\/wp\/v2\/product\/234061\/revisions\/413086"}],"wp:featuredmedia":[{"embeddable":true,"href":"https:\/\/irankiuzona.lt\/ru\/wp-json\/wp\/v2\/media\/234063"}],"wp:attachment":[{"href":"https:\/\/irankiuzona.lt\/ru\/wp-json\/wp\/v2\/media?parent=234061"}],"wp:term":[{"taxonomy":"product_cat","embeddable":true,"href":"https:\/\/irankiuzona.lt\/ru\/wp-json\/wp\/v2\/product_cat?post=234061"},{"taxonomy":"product_tag","embeddable":true,"href":"https:\/\/irankiuzona.lt\/ru\/wp-json\/wp\/v2\/product_tag?post=234061"}],"curies":[{"name":"wp","href":"https:\/\/api.w.org\/{rel}","templated":true}]}}