{"id":234124,"date":"2024-09-29T04:00:56","date_gmt":"2024-09-29T04:00:56","guid":{"rendered":"https:\/\/irankiuzona.lt\/product\/issukejai-m3-m144-sugadintiems-varztams\/"},"modified":"2026-05-16T21:55:57","modified_gmt":"2026-05-16T21:55:57","slug":"issukejai-m3-m144-sugadintiems-varztams","status":"publish","type":"product","link":"https:\/\/irankiuzona.lt\/ru\/product\/issukejai-m3-m144-sugadintiems-varztams\/","title":{"rendered":"I\u0161suk\u0117jai M3-M14*4 sugadintiems var\u017etams"},"content":{"rendered":"<p>M3-M14<\/p>","protected":false},"excerpt":{"rendered":"<p>I\u0161suk\u0117jai M3-M14*4 sugadintiems var\u017etams<\/p>","protected":false},"featured_media":234126,"comment_status":"open","ping_status":"open","template":"","meta":[],"product_cat":[9557],"product_tag":[9898],"class_list":{"0":"post-234124","1":"product","2":"type-product","3":"status-publish","4":"has-post-thumbnail","6":"product_brand-avtodelo","7":"product_cat-nulauztu-varztu-issukimo-irankiai","8":"product_tag-avtodelo","10":"first","11":"outofstock","12":"purchasable","13":"product-type-simple"},"jetpack_sharing_enabled":true,"_links":{"self":[{"href":"https:\/\/irankiuzona.lt\/ru\/wp-json\/wp\/v2\/product\/234124","targetHints":{"allow":["GET"]}}],"collection":[{"href":"https:\/\/irankiuzona.lt\/ru\/wp-json\/wp\/v2\/product"}],"about":[{"href":"https:\/\/irankiuzona.lt\/ru\/wp-json\/wp\/v2\/types\/product"}],"replies":[{"embeddable":true,"href":"https:\/\/irankiuzona.lt\/ru\/wp-json\/wp\/v2\/comments?post=234124"}],"version-history":[{"count":1,"href":"https:\/\/irankiuzona.lt\/ru\/wp-json\/wp\/v2\/product\/234124\/revisions"}],"predecessor-version":[{"id":413101,"href":"https:\/\/irankiuzona.lt\/ru\/wp-json\/wp\/v2\/product\/234124\/revisions\/413101"}],"wp:featuredmedia":[{"embeddable":true,"href":"https:\/\/irankiuzona.lt\/ru\/wp-json\/wp\/v2\/media\/234126"}],"wp:attachment":[{"href":"https:\/\/irankiuzona.lt\/ru\/wp-json\/wp\/v2\/media?parent=234124"}],"wp:term":[{"taxonomy":"product_cat","embeddable":true,"href":"https:\/\/irankiuzona.lt\/ru\/wp-json\/wp\/v2\/product_cat?post=234124"},{"taxonomy":"product_tag","embeddable":true,"href":"https:\/\/irankiuzona.lt\/ru\/wp-json\/wp\/v2\/product_tag?post=234124"}],"curies":[{"name":"wp","href":"https:\/\/api.w.org\/{rel}","templated":true}]}}