{"id":234166,"date":"2024-09-29T04:01:01","date_gmt":"2024-09-29T04:01:01","guid":{"rendered":"https:\/\/irankiuzona.lt\/product\/vidiniu-guoliu-nuemejas-trikojis-12-50mm\/"},"modified":"2026-04-17T15:59:44","modified_gmt":"2026-04-17T15:59:44","slug":"vidiniu-guoliu-nuemejas-trikojis-12-50mm","status":"publish","type":"product","link":"https:\/\/irankiuzona.lt\/ru\/product\/vidiniu-guoliu-nuemejas-trikojis-12-50mm\/","title":{"rendered":"Vidini\u0173 guoli\u0173 nu\u0117m\u0117jas trikojis 12-50mm"},"content":{"rendered":"<p>\u2022 Intended for bearing and bearing inner race dismounting which have an internal diameter from 12 to 50mm. \u2022 Working screw has a metric thread with a small pitch made by the knurling method. \u2022 Puller jaws made by hot stamping (forging hammers). \u2022 Equip<\/p>","protected":false},"excerpt":{"rendered":"<p>Vidini\u0173 guoli\u0173 nu\u0117m\u0117jas trikojis 12-50mm<\/p>","protected":false},"featured_media":234168,"comment_status":"open","ping_status":"open","template":"","meta":[],"product_cat":[9533],"product_tag":[9898],"class_list":{"0":"post-234166","1":"product","2":"type-product","3":"status-publish","4":"has-post-thumbnail","6":"product_brand-avtodelo","7":"product_cat-vidiniu-guoliu-nuemejai-istraukejai","8":"product_tag-avtodelo","10":"first","11":"outofstock","12":"purchasable","13":"product-type-simple"},"jetpack_sharing_enabled":true,"_links":{"self":[{"href":"https:\/\/irankiuzona.lt\/ru\/wp-json\/wp\/v2\/product\/234166","targetHints":{"allow":["GET"]}}],"collection":[{"href":"https:\/\/irankiuzona.lt\/ru\/wp-json\/wp\/v2\/product"}],"about":[{"href":"https:\/\/irankiuzona.lt\/ru\/wp-json\/wp\/v2\/types\/product"}],"replies":[{"embeddable":true,"href":"https:\/\/irankiuzona.lt\/ru\/wp-json\/wp\/v2\/comments?post=234166"}],"version-history":[{"count":1,"href":"https:\/\/irankiuzona.lt\/ru\/wp-json\/wp\/v2\/product\/234166\/revisions"}],"predecessor-version":[{"id":413111,"href":"https:\/\/irankiuzona.lt\/ru\/wp-json\/wp\/v2\/product\/234166\/revisions\/413111"}],"wp:featuredmedia":[{"embeddable":true,"href":"https:\/\/irankiuzona.lt\/ru\/wp-json\/wp\/v2\/media\/234168"}],"wp:attachment":[{"href":"https:\/\/irankiuzona.lt\/ru\/wp-json\/wp\/v2\/media?parent=234166"}],"wp:term":[{"taxonomy":"product_cat","embeddable":true,"href":"https:\/\/irankiuzona.lt\/ru\/wp-json\/wp\/v2\/product_cat?post=234166"},{"taxonomy":"product_tag","embeddable":true,"href":"https:\/\/irankiuzona.lt\/ru\/wp-json\/wp\/v2\/product_tag?post=234166"}],"curies":[{"name":"wp","href":"https:\/\/api.w.org\/{rel}","templated":true}]}}