{"id":234248,"date":"2024-09-29T04:10:07","date_gmt":"2024-09-29T04:10:07","guid":{"rendered":"https:\/\/irankiuzona.lt\/product\/raktas-dyzeliniu-purkstuku-vamzdeliams-14mm-hdi\/"},"modified":"2026-04-13T17:32:37","modified_gmt":"2026-04-13T17:32:37","slug":"raktas-dyzeliniu-purkstuku-vamzdeliams-14mm-hdi","status":"publish","type":"product","link":"https:\/\/irankiuzona.lt\/ru\/product\/raktas-dyzeliniu-purkstuku-vamzdeliams-14mm-hdi\/","title":{"rendered":"Raktas dyzelini\u0173 purk\u0161tuk\u0173 vamzdeliams 14mm, HDI"},"content":{"rendered":"<p>12-kampis 14mmCitroen \/ Peugeot \/ PSA<\/p>\n<p>suitable for HDi-engines from PSA<br \/>\nfor diesel injection lines on distributors and in-line injection pumps<br \/>\nfor hard to reach injectors<br \/>\nalso for sensors and senders with cable connections<br \/>\nspecial offset and angled design<\/p>","protected":false},"excerpt":{"rendered":"<p>Raktas dyzelini\u0173 purk\u0161tuk\u0173 vamzdeliams 14mm, HDI\u00a0<\/p>","protected":false},"featured_media":234250,"comment_status":"open","ping_status":"open","template":"","meta":[],"product_cat":[9585],"product_tag":[9462],"class_list":{"0":"post-234248","1":"product","2":"type-product","3":"status-publish","4":"has-post-thumbnail","6":"product_brand-condor-werkzeug-vokietija","7":"product_cat-irankiai-kuro-vamzdeliams","8":"product_tag-condor-werkzeug-vokietija","10":"first","11":"instock","12":"purchasable","13":"product-type-simple"},"jetpack_sharing_enabled":true,"_links":{"self":[{"href":"https:\/\/irankiuzona.lt\/ru\/wp-json\/wp\/v2\/product\/234248","targetHints":{"allow":["GET"]}}],"collection":[{"href":"https:\/\/irankiuzona.lt\/ru\/wp-json\/wp\/v2\/product"}],"about":[{"href":"https:\/\/irankiuzona.lt\/ru\/wp-json\/wp\/v2\/types\/product"}],"replies":[{"embeddable":true,"href":"https:\/\/irankiuzona.lt\/ru\/wp-json\/wp\/v2\/comments?post=234248"}],"version-history":[{"count":1,"href":"https:\/\/irankiuzona.lt\/ru\/wp-json\/wp\/v2\/product\/234248\/revisions"}],"predecessor-version":[{"id":413130,"href":"https:\/\/irankiuzona.lt\/ru\/wp-json\/wp\/v2\/product\/234248\/revisions\/413130"}],"wp:featuredmedia":[{"embeddable":true,"href":"https:\/\/irankiuzona.lt\/ru\/wp-json\/wp\/v2\/media\/234250"}],"wp:attachment":[{"href":"https:\/\/irankiuzona.lt\/ru\/wp-json\/wp\/v2\/media?parent=234248"}],"wp:term":[{"taxonomy":"product_cat","embeddable":true,"href":"https:\/\/irankiuzona.lt\/ru\/wp-json\/wp\/v2\/product_cat?post=234248"},{"taxonomy":"product_tag","embeddable":true,"href":"https:\/\/irankiuzona.lt\/ru\/wp-json\/wp\/v2\/product_tag?post=234248"}],"curies":[{"name":"wp","href":"https:\/\/api.w.org\/{rel}","templated":true}]}}