{"id":234475,"date":"2024-09-29T04:10:31","date_gmt":"2024-09-29T04:10:31","guid":{"rendered":"https:\/\/irankiuzona.lt\/product\/kombinuotu-raktu-komplektas-8daliu-paklodeje-6-17mm\/"},"modified":"2025-03-24T01:06:01","modified_gmt":"2025-03-24T01:06:01","slug":"kombinuotu-raktu-komplektas-8daliu-paklodeje-6-17mm","status":"publish","type":"product","link":"https:\/\/irankiuzona.lt\/ru\/product\/kombinuotu-raktu-komplektas-8daliu-paklodeje-6-17mm\/","title":{"rendered":"Kombinuot\u0173 rakt\u0173 komplektas *8dali\u0173 paklod\u0117je 6-17mm"},"content":{"rendered":"<p>Komplekte:\u00a06,8,10,12,13,14,15,17 mm<\/p>","protected":false},"excerpt":{"rendered":"<p>Kombinuot\u0173 rakt\u0173 komplektas *8dali\u0173 paklod\u0117je 6-17mm<\/p>","protected":false},"featured_media":234477,"comment_status":"open","ping_status":"open","template":"","meta":[],"product_cat":[9517],"product_tag":[9898],"class_list":{"0":"post-234475","1":"product","2":"type-product","3":"status-publish","4":"has-post-thumbnail","6":"product_brand-avtodelo","7":"product_cat-kombinuotu-raktu-komplektai","8":"product_tag-avtodelo","10":"first","11":"outofstock","12":"purchasable","13":"product-type-simple"},"jetpack_sharing_enabled":true,"_links":{"self":[{"href":"https:\/\/irankiuzona.lt\/ru\/wp-json\/wp\/v2\/product\/234475","targetHints":{"allow":["GET"]}}],"collection":[{"href":"https:\/\/irankiuzona.lt\/ru\/wp-json\/wp\/v2\/product"}],"about":[{"href":"https:\/\/irankiuzona.lt\/ru\/wp-json\/wp\/v2\/types\/product"}],"replies":[{"embeddable":true,"href":"https:\/\/irankiuzona.lt\/ru\/wp-json\/wp\/v2\/comments?post=234475"}],"version-history":[{"count":0,"href":"https:\/\/irankiuzona.lt\/ru\/wp-json\/wp\/v2\/product\/234475\/revisions"}],"wp:featuredmedia":[{"embeddable":true,"href":"https:\/\/irankiuzona.lt\/ru\/wp-json\/wp\/v2\/media\/234477"}],"wp:attachment":[{"href":"https:\/\/irankiuzona.lt\/ru\/wp-json\/wp\/v2\/media?parent=234475"}],"wp:term":[{"taxonomy":"product_cat","embeddable":true,"href":"https:\/\/irankiuzona.lt\/ru\/wp-json\/wp\/v2\/product_cat?post=234475"},{"taxonomy":"product_tag","embeddable":true,"href":"https:\/\/irankiuzona.lt\/ru\/wp-json\/wp\/v2\/product_tag?post=234475"}],"curies":[{"name":"wp","href":"https:\/\/api.w.org\/{rel}","templated":true}]}}