{"id":234492,"date":"2024-09-29T04:10:33","date_gmt":"2024-09-29T04:10:33","guid":{"rendered":"https:\/\/irankiuzona.lt\/product\/graztas-metalui-o29mm-cobalt-5-1vnt\/"},"modified":"2026-04-05T02:03:08","modified_gmt":"2026-04-05T02:03:08","slug":"graztas-metalui-o29mm-cobalt-5-1vnt","status":"publish","type":"product","link":"https:\/\/irankiuzona.lt\/ru\/product\/graztas-metalui-o29mm-cobalt-5-1vnt\/","title":{"rendered":"Gr\u0105\u017etas metalui \u00d82,9mm Cobalt 5% \/ 1vnt."},"content":{"rendered":"<p>1vnt.Kobaltinis metalo gr\u0105\u017etas (cobalt drill bit)Cobalt 5% \/ kobalto 5%64-67 HRC<\/p>","protected":false},"excerpt":{"rendered":"<p>Gr\u0105\u017etas metalui kobaltinis \u00d82,9mm, P6M5K5, Cobalt 5% \/ 1vnt.<\/p>","protected":false},"featured_media":234494,"comment_status":"open","ping_status":"open","template":"","meta":[],"product_cat":[9724],"product_tag":[9898],"class_list":{"0":"post-234492","1":"product","2":"type-product","3":"status-publish","4":"has-post-thumbnail","6":"product_brand-avtodelo","7":"product_cat-graztai-metalui-hss-cobalt-din338","8":"product_tag-avtodelo","10":"first","11":"outofstock","12":"purchasable","13":"product-type-simple"},"jetpack_sharing_enabled":true,"_links":{"self":[{"href":"https:\/\/irankiuzona.lt\/ru\/wp-json\/wp\/v2\/product\/234492","targetHints":{"allow":["GET"]}}],"collection":[{"href":"https:\/\/irankiuzona.lt\/ru\/wp-json\/wp\/v2\/product"}],"about":[{"href":"https:\/\/irankiuzona.lt\/ru\/wp-json\/wp\/v2\/types\/product"}],"replies":[{"embeddable":true,"href":"https:\/\/irankiuzona.lt\/ru\/wp-json\/wp\/v2\/comments?post=234492"}],"version-history":[{"count":0,"href":"https:\/\/irankiuzona.lt\/ru\/wp-json\/wp\/v2\/product\/234492\/revisions"}],"wp:featuredmedia":[{"embeddable":true,"href":"https:\/\/irankiuzona.lt\/ru\/wp-json\/wp\/v2\/media\/234494"}],"wp:attachment":[{"href":"https:\/\/irankiuzona.lt\/ru\/wp-json\/wp\/v2\/media?parent=234492"}],"wp:term":[{"taxonomy":"product_cat","embeddable":true,"href":"https:\/\/irankiuzona.lt\/ru\/wp-json\/wp\/v2\/product_cat?post=234492"},{"taxonomy":"product_tag","embeddable":true,"href":"https:\/\/irankiuzona.lt\/ru\/wp-json\/wp\/v2\/product_tag?post=234492"}],"curies":[{"name":"wp","href":"https:\/\/api.w.org\/{rel}","templated":true}]}}