{"id":234782,"date":"2024-09-29T04:11:01","date_gmt":"2024-09-29T04:11:01","guid":{"rendered":"https:\/\/irankiuzona.lt\/product\/antgalis-1-2-cv-ipresuotas-sesiakampis-h17100mm-hex\/"},"modified":"2026-04-11T10:31:15","modified_gmt":"2026-04-11T10:31:15","slug":"antgalis-1-2-cv-ipresuotas-sesiakampis-h17100mm-hex","status":"publish","type":"product","link":"https:\/\/irankiuzona.lt\/ru\/product\/antgalis-1-2-cv-ipresuotas-sesiakampis-h17100mm-hex\/","title":{"rendered":"Antgalis 1\/2 CV \u012fpresuotas \u0161e\u0161iakampis H17*100mm HEX"},"content":{"rendered":"<p>\u2022 Insert with a hex external working profile.<br \/>\n\u2022 Socket is made by cold stamping method.<br \/>\n\u2022 Material \u2013 chrome-vanadium steel CrV50BV30.<br \/>\n\u2022 Hardened to 45-47 HRC.<br \/>\n\u2022 Material of inserts -S2 tool steel S2.<br \/>\n\u2022 Protected from corrosion by the chromium coating<\/p>","protected":false},"excerpt":{"rendered":"<p>Antgalis 1\/2 CV \u012fpresuotas \u0161e\u0161iakampis H17*100mm HEX<\/p>","protected":false},"featured_media":234784,"comment_status":"open","ping_status":"open","template":"","meta":[],"product_cat":[9620],"product_tag":[9898],"class_list":{"0":"post-234782","1":"product","2":"type-product","3":"status-publish","4":"has-post-thumbnail","6":"product_brand-avtodelo","7":"product_cat-1-2-ipresuoti-hex-antgaliai","8":"product_tag-avtodelo","10":"first","11":"outofstock","12":"purchasable","13":"product-type-simple"},"jetpack_sharing_enabled":true,"_links":{"self":[{"href":"https:\/\/irankiuzona.lt\/ru\/wp-json\/wp\/v2\/product\/234782","targetHints":{"allow":["GET"]}}],"collection":[{"href":"https:\/\/irankiuzona.lt\/ru\/wp-json\/wp\/v2\/product"}],"about":[{"href":"https:\/\/irankiuzona.lt\/ru\/wp-json\/wp\/v2\/types\/product"}],"replies":[{"embeddable":true,"href":"https:\/\/irankiuzona.lt\/ru\/wp-json\/wp\/v2\/comments?post=234782"}],"version-history":[{"count":1,"href":"https:\/\/irankiuzona.lt\/ru\/wp-json\/wp\/v2\/product\/234782\/revisions"}],"predecessor-version":[{"id":413260,"href":"https:\/\/irankiuzona.lt\/ru\/wp-json\/wp\/v2\/product\/234782\/revisions\/413260"}],"wp:featuredmedia":[{"embeddable":true,"href":"https:\/\/irankiuzona.lt\/ru\/wp-json\/wp\/v2\/media\/234784"}],"wp:attachment":[{"href":"https:\/\/irankiuzona.lt\/ru\/wp-json\/wp\/v2\/media?parent=234782"}],"wp:term":[{"taxonomy":"product_cat","embeddable":true,"href":"https:\/\/irankiuzona.lt\/ru\/wp-json\/wp\/v2\/product_cat?post=234782"},{"taxonomy":"product_tag","embeddable":true,"href":"https:\/\/irankiuzona.lt\/ru\/wp-json\/wp\/v2\/product_tag?post=234782"}],"curies":[{"name":"wp","href":"https:\/\/api.w.org\/{rel}","templated":true}]}}