{"id":234830,"date":"2024-09-29T04:20:09","date_gmt":"2024-09-29T04:20:09","guid":{"rendered":"https:\/\/irankiuzona.lt\/product\/galvute-smugine-1-2-cr-mo-ilga-8mm\/"},"modified":"2026-05-14T16:50:46","modified_gmt":"2026-05-14T16:50:46","slug":"galvute-smugine-1-2-cr-mo-ilga-8mm","status":"publish","type":"product","link":"https:\/\/irankiuzona.lt\/ru\/product\/galvute-smugine-1-2-cr-mo-ilga-8mm\/","title":{"rendered":"Galvut\u0117 sm\u016bgin\u0117 1\/2 Cr-Mo ilga 8mm"},"content":{"rendered":"<p>78mm ilgio<\/p>","protected":false},"excerpt":{"rendered":"<p>Galvut\u0117 sm\u016bgin\u0117 1\/2 Cr-Mo ilga 8mm<\/p>","protected":false},"featured_media":234832,"comment_status":"open","ping_status":"open","template":"","meta":[],"product_cat":[9957],"product_tag":[9898],"class_list":{"0":"post-234830","1":"product","2":"type-product","3":"status-publish","4":"has-post-thumbnail","6":"product_brand-avtodelo","7":"product_cat-galvutes-cr-mo-smugines-sesiakampes","8":"product_tag-avtodelo","10":"first","11":"instock","12":"purchasable","13":"product-type-simple"},"jetpack_sharing_enabled":true,"_links":{"self":[{"href":"https:\/\/irankiuzona.lt\/ru\/wp-json\/wp\/v2\/product\/234830","targetHints":{"allow":["GET"]}}],"collection":[{"href":"https:\/\/irankiuzona.lt\/ru\/wp-json\/wp\/v2\/product"}],"about":[{"href":"https:\/\/irankiuzona.lt\/ru\/wp-json\/wp\/v2\/types\/product"}],"replies":[{"embeddable":true,"href":"https:\/\/irankiuzona.lt\/ru\/wp-json\/wp\/v2\/comments?post=234830"}],"version-history":[{"count":1,"href":"https:\/\/irankiuzona.lt\/ru\/wp-json\/wp\/v2\/product\/234830\/revisions"}],"predecessor-version":[{"id":413273,"href":"https:\/\/irankiuzona.lt\/ru\/wp-json\/wp\/v2\/product\/234830\/revisions\/413273"}],"wp:featuredmedia":[{"embeddable":true,"href":"https:\/\/irankiuzona.lt\/ru\/wp-json\/wp\/v2\/media\/234832"}],"wp:attachment":[{"href":"https:\/\/irankiuzona.lt\/ru\/wp-json\/wp\/v2\/media?parent=234830"}],"wp:term":[{"taxonomy":"product_cat","embeddable":true,"href":"https:\/\/irankiuzona.lt\/ru\/wp-json\/wp\/v2\/product_cat?post=234830"},{"taxonomy":"product_tag","embeddable":true,"href":"https:\/\/irankiuzona.lt\/ru\/wp-json\/wp\/v2\/product_tag?post=234830"}],"curies":[{"name":"wp","href":"https:\/\/api.w.org\/{rel}","templated":true}]}}