{"id":234961,"date":"2024-09-29T04:20:22","date_gmt":"2024-09-29T04:20:22","guid":{"rendered":"https:\/\/irankiuzona.lt\/product\/srieginiu-plieniniu-kniedziu-rinkinys-m12-20vnt\/"},"modified":"2026-04-05T18:56:45","modified_gmt":"2026-04-05T18:56:45","slug":"srieginiu-plieniniu-kniedziu-rinkinys-m12-20vnt","status":"publish","type":"product","link":"https:\/\/irankiuzona.lt\/ru\/product\/srieginiu-plieniniu-kniedziu-rinkinys-m12-20vnt\/","title":{"rendered":"Sriegini\u0173 plienini\u0173 knied\u017ei\u0173 rinkinys M12, 20vnt"},"content":{"rendered":"<p>Komplekte 20vnt<\/p>","protected":false},"excerpt":{"rendered":"<p>Sriegini\u0173 plienini\u0173 knied\u017ei\u0173 rinkinys M12, 20vnt<\/p>","protected":false},"featured_media":234963,"comment_status":"open","ping_status":"open","template":"","meta":[],"product_cat":[9890],"product_tag":[9483],"class_list":{"0":"post-234961","1":"product","2":"type-product","3":"status-publish","4":"has-post-thumbnail","6":"product_brand-yato-lenkija","7":"product_cat-sriegines-kniedes","8":"product_tag-yato-lenkija","10":"first","11":"instock","12":"purchasable","13":"product-type-simple"},"jetpack_sharing_enabled":true,"_links":{"self":[{"href":"https:\/\/irankiuzona.lt\/ru\/wp-json\/wp\/v2\/product\/234961","targetHints":{"allow":["GET"]}}],"collection":[{"href":"https:\/\/irankiuzona.lt\/ru\/wp-json\/wp\/v2\/product"}],"about":[{"href":"https:\/\/irankiuzona.lt\/ru\/wp-json\/wp\/v2\/types\/product"}],"replies":[{"embeddable":true,"href":"https:\/\/irankiuzona.lt\/ru\/wp-json\/wp\/v2\/comments?post=234961"}],"version-history":[{"count":0,"href":"https:\/\/irankiuzona.lt\/ru\/wp-json\/wp\/v2\/product\/234961\/revisions"}],"wp:featuredmedia":[{"embeddable":true,"href":"https:\/\/irankiuzona.lt\/ru\/wp-json\/wp\/v2\/media\/234963"}],"wp:attachment":[{"href":"https:\/\/irankiuzona.lt\/ru\/wp-json\/wp\/v2\/media?parent=234961"}],"wp:term":[{"taxonomy":"product_cat","embeddable":true,"href":"https:\/\/irankiuzona.lt\/ru\/wp-json\/wp\/v2\/product_cat?post=234961"},{"taxonomy":"product_tag","embeddable":true,"href":"https:\/\/irankiuzona.lt\/ru\/wp-json\/wp\/v2\/product_tag?post=234961"}],"curies":[{"name":"wp","href":"https:\/\/api.w.org\/{rel}","templated":true}]}}