{"id":235253,"date":"2024-09-29T04:20:52","date_gmt":"2024-09-29T04:20:52","guid":{"rendered":"https:\/\/irankiuzona.lt\/product\/sepeciai-drelei-21-su-rankena\/"},"modified":"2026-04-25T17:36:42","modified_gmt":"2026-04-25T17:36:42","slug":"sepeciai-drelei-21-su-rankena","status":"publish","type":"product","link":"https:\/\/irankiuzona.lt\/ru\/product\/sepeciai-drelei-21-su-rankena\/","title":{"rendered":"\u0160epe\u010diai dr\u0117lei *2+1 su rankena"},"content":{"rendered":"<p>75 \/ 75mm Su rankena 240mm ilgio<\/p>","protected":false},"excerpt":{"rendered":"<p>\u0160epe\u010diai dr\u0117lei *2+1 su rankena<\/p>","protected":false},"featured_media":235255,"comment_status":"open","ping_status":"open","template":"","meta":[],"product_cat":[9450],"product_tag":[9898],"class_list":{"0":"post-235253","1":"product","2":"type-product","3":"status-publish","4":"has-post-thumbnail","6":"product_brand-avtodelo","7":"product_cat-sepeciai-greztuvui-slif-pj-irankiui","8":"product_tag-avtodelo","10":"first","11":"instock","12":"purchasable","13":"product-type-simple"},"jetpack_sharing_enabled":true,"_links":{"self":[{"href":"https:\/\/irankiuzona.lt\/ru\/wp-json\/wp\/v2\/product\/235253","targetHints":{"allow":["GET"]}}],"collection":[{"href":"https:\/\/irankiuzona.lt\/ru\/wp-json\/wp\/v2\/product"}],"about":[{"href":"https:\/\/irankiuzona.lt\/ru\/wp-json\/wp\/v2\/types\/product"}],"replies":[{"embeddable":true,"href":"https:\/\/irankiuzona.lt\/ru\/wp-json\/wp\/v2\/comments?post=235253"}],"version-history":[{"count":1,"href":"https:\/\/irankiuzona.lt\/ru\/wp-json\/wp\/v2\/product\/235253\/revisions"}],"predecessor-version":[{"id":413371,"href":"https:\/\/irankiuzona.lt\/ru\/wp-json\/wp\/v2\/product\/235253\/revisions\/413371"}],"wp:featuredmedia":[{"embeddable":true,"href":"https:\/\/irankiuzona.lt\/ru\/wp-json\/wp\/v2\/media\/235255"}],"wp:attachment":[{"href":"https:\/\/irankiuzona.lt\/ru\/wp-json\/wp\/v2\/media?parent=235253"}],"wp:term":[{"taxonomy":"product_cat","embeddable":true,"href":"https:\/\/irankiuzona.lt\/ru\/wp-json\/wp\/v2\/product_cat?post=235253"},{"taxonomy":"product_tag","embeddable":true,"href":"https:\/\/irankiuzona.lt\/ru\/wp-json\/wp\/v2\/product_tag?post=235253"}],"curies":[{"name":"wp","href":"https:\/\/api.w.org\/{rel}","templated":true}]}}