{"id":235256,"date":"2024-09-29T04:20:52","date_gmt":"2024-09-29T04:20:52","guid":{"rendered":"https:\/\/irankiuzona.lt\/product\/sepetys-drelei-75mm-plokscias\/"},"modified":"2025-03-27T01:25:29","modified_gmt":"2025-03-27T01:25:29","slug":"sepetys-drelei-75mm-plokscias","status":"publish","type":"product","link":"https:\/\/irankiuzona.lt\/ru\/product\/sepetys-drelei-75mm-plokscias\/","title":{"rendered":"\u0160epetys dr\u0117lei 75mm plok\u0161\u010dias"},"content":{"rendered":"<p>\u2022 Brush is intended for cleaning metal, wood and plastic surfaces from old paint, dirt and corrosion.<br \/>\n\u2022 Brush bristle has brass coating.<br \/>\n\u2022 Brush is equipped with a shank with a diameter 6mm for installation in the chuck of electric drill.<br \/>\n\u2022 Maximum bru<\/p>","protected":false},"excerpt":{"rendered":"<p>\u0160epetys dr\u0117lei 75mm plok\u0161\u010dias<\/p>","protected":false},"featured_media":235258,"comment_status":"open","ping_status":"open","template":"","meta":[],"product_cat":[9450],"product_tag":[9898],"class_list":{"0":"post-235256","1":"product","2":"type-product","3":"status-publish","4":"has-post-thumbnail","6":"product_brand-avtodelo","7":"product_cat-sepeciai-greztuvui-slif-pj-irankiui","8":"product_tag-avtodelo","10":"first","11":"outofstock","12":"purchasable","13":"product-type-simple"},"jetpack_sharing_enabled":true,"_links":{"self":[{"href":"https:\/\/irankiuzona.lt\/ru\/wp-json\/wp\/v2\/product\/235256","targetHints":{"allow":["GET"]}}],"collection":[{"href":"https:\/\/irankiuzona.lt\/ru\/wp-json\/wp\/v2\/product"}],"about":[{"href":"https:\/\/irankiuzona.lt\/ru\/wp-json\/wp\/v2\/types\/product"}],"replies":[{"embeddable":true,"href":"https:\/\/irankiuzona.lt\/ru\/wp-json\/wp\/v2\/comments?post=235256"}],"version-history":[{"count":0,"href":"https:\/\/irankiuzona.lt\/ru\/wp-json\/wp\/v2\/product\/235256\/revisions"}],"wp:featuredmedia":[{"embeddable":true,"href":"https:\/\/irankiuzona.lt\/ru\/wp-json\/wp\/v2\/media\/235258"}],"wp:attachment":[{"href":"https:\/\/irankiuzona.lt\/ru\/wp-json\/wp\/v2\/media?parent=235256"}],"wp:term":[{"taxonomy":"product_cat","embeddable":true,"href":"https:\/\/irankiuzona.lt\/ru\/wp-json\/wp\/v2\/product_cat?post=235256"},{"taxonomy":"product_tag","embeddable":true,"href":"https:\/\/irankiuzona.lt\/ru\/wp-json\/wp\/v2\/product_tag?post=235256"}],"curies":[{"name":"wp","href":"https:\/\/api.w.org\/{rel}","templated":true}]}}