{"id":235315,"date":"2024-09-29T04:20:57","date_gmt":"2024-09-29T04:20:57","guid":{"rendered":"https:\/\/irankiuzona.lt\/product\/ilgu-galvuciu-komplektas-1-2-6kamp-8-22mm\/"},"modified":"2026-05-09T07:16:08","modified_gmt":"2026-05-09T07:16:08","slug":"ilgu-galvuciu-komplektas-1-2-6kamp-8-22mm","status":"publish","type":"product","link":"https:\/\/irankiuzona.lt\/ru\/product\/ilgu-galvuciu-komplektas-1-2-6kamp-8-22mm\/","title":{"rendered":"Ilg\u0173 galvu\u010di\u0173 komplektas 1\/2&quot; 6kamp. (8-22mm)"},"content":{"rendered":"<p>Ilgis &#8211; 77 mmKomplekte: 8 &#8211; 10 &#8211; 12 &#8211; 13 &#8211; 14 &#8211; 15 &#8211; 17 &#8211; 19 &#8211; 22 mmSukomplektuota ant metalin\u0117s juostel\u0117s<\/p>","protected":false},"excerpt":{"rendered":"<p>Galv\u0173 komplektas 1\/2 ilgos \u0161e\u0161iakamp\u0117s (8-22 mm)<\/p>","protected":false},"featured_media":235317,"comment_status":"open","ping_status":"open","template":"","meta":[],"product_cat":[9494],"product_tag":[9898],"class_list":{"0":"post-235315","1":"product","2":"type-product","3":"status-publish","4":"has-post-thumbnail","6":"product_brand-avtodelo","7":"product_cat-1-2-125-mm-galvuciu-komplektai","8":"product_tag-avtodelo","10":"first","11":"instock","12":"purchasable","13":"product-type-simple"},"jetpack_sharing_enabled":true,"_links":{"self":[{"href":"https:\/\/irankiuzona.lt\/ru\/wp-json\/wp\/v2\/product\/235315","targetHints":{"allow":["GET"]}}],"collection":[{"href":"https:\/\/irankiuzona.lt\/ru\/wp-json\/wp\/v2\/product"}],"about":[{"href":"https:\/\/irankiuzona.lt\/ru\/wp-json\/wp\/v2\/types\/product"}],"replies":[{"embeddable":true,"href":"https:\/\/irankiuzona.lt\/ru\/wp-json\/wp\/v2\/comments?post=235315"}],"version-history":[{"count":1,"href":"https:\/\/irankiuzona.lt\/ru\/wp-json\/wp\/v2\/product\/235315\/revisions"}],"predecessor-version":[{"id":413385,"href":"https:\/\/irankiuzona.lt\/ru\/wp-json\/wp\/v2\/product\/235315\/revisions\/413385"}],"wp:featuredmedia":[{"embeddable":true,"href":"https:\/\/irankiuzona.lt\/ru\/wp-json\/wp\/v2\/media\/235317"}],"wp:attachment":[{"href":"https:\/\/irankiuzona.lt\/ru\/wp-json\/wp\/v2\/media?parent=235315"}],"wp:term":[{"taxonomy":"product_cat","embeddable":true,"href":"https:\/\/irankiuzona.lt\/ru\/wp-json\/wp\/v2\/product_cat?post=235315"},{"taxonomy":"product_tag","embeddable":true,"href":"https:\/\/irankiuzona.lt\/ru\/wp-json\/wp\/v2\/product_tag?post=235315"}],"curies":[{"name":"wp","href":"https:\/\/api.w.org\/{rel}","templated":true}]}}