{"id":235342,"date":"2024-09-29T04:21:00","date_gmt":"2024-09-29T04:21:00","guid":{"rendered":"https:\/\/irankiuzona.lt\/product\/guoliu-nuemeju-komplektas-75-105-mm\/"},"modified":"2026-04-13T08:06:39","modified_gmt":"2026-04-13T08:06:39","slug":"guoliu-nuemeju-komplektas-75-105-mm","status":"publish","type":"product","link":"https:\/\/irankiuzona.lt\/ru\/product\/guoliu-nuemeju-komplektas-75-105-mm\/","title":{"rendered":"Guoli\u0173 nu\u0117m\u0117j\u0173 komplektas 75-105 mm"},"content":{"rendered":"<p>Separatori\u0173 tipo nu\u0117miklis guoliams.Diapazonas 75 &#8211; 105 mmVar\u017etas 280 mm ilgioAtraminiai var\u017etai (4vnt) &#8211; 250 mm ilgio<\/p>","protected":false},"excerpt":{"rendered":"<p>Lygiagretus guoli\u0173 nu\u0117m\u0117jas 75-105 mm \/ separatoriai<\/p>","protected":false},"featured_media":235344,"comment_status":"open","ping_status":"open","template":"","meta":[],"product_cat":[9536],"product_tag":[9898],"class_list":{"0":"post-235342","1":"product","2":"type-product","3":"status-publish","4":"has-post-thumbnail","6":"product_brand-avtodelo","7":"product_cat-lygiagretus-nuemejai-atskyrejai-pusmenuliai","8":"product_tag-avtodelo","10":"first","11":"instock","12":"purchasable","13":"product-type-simple"},"jetpack_sharing_enabled":true,"_links":{"self":[{"href":"https:\/\/irankiuzona.lt\/ru\/wp-json\/wp\/v2\/product\/235342","targetHints":{"allow":["GET"]}}],"collection":[{"href":"https:\/\/irankiuzona.lt\/ru\/wp-json\/wp\/v2\/product"}],"about":[{"href":"https:\/\/irankiuzona.lt\/ru\/wp-json\/wp\/v2\/types\/product"}],"replies":[{"embeddable":true,"href":"https:\/\/irankiuzona.lt\/ru\/wp-json\/wp\/v2\/comments?post=235342"}],"version-history":[{"count":1,"href":"https:\/\/irankiuzona.lt\/ru\/wp-json\/wp\/v2\/product\/235342\/revisions"}],"predecessor-version":[{"id":413392,"href":"https:\/\/irankiuzona.lt\/ru\/wp-json\/wp\/v2\/product\/235342\/revisions\/413392"}],"wp:featuredmedia":[{"embeddable":true,"href":"https:\/\/irankiuzona.lt\/ru\/wp-json\/wp\/v2\/media\/235344"}],"wp:attachment":[{"href":"https:\/\/irankiuzona.lt\/ru\/wp-json\/wp\/v2\/media?parent=235342"}],"wp:term":[{"taxonomy":"product_cat","embeddable":true,"href":"https:\/\/irankiuzona.lt\/ru\/wp-json\/wp\/v2\/product_cat?post=235342"},{"taxonomy":"product_tag","embeddable":true,"href":"https:\/\/irankiuzona.lt\/ru\/wp-json\/wp\/v2\/product_tag?post=235342"}],"curies":[{"name":"wp","href":"https:\/\/api.w.org\/{rel}","templated":true}]}}