{"id":235386,"date":"2024-09-29T04:30:03","date_gmt":"2024-09-29T04:30:03","guid":{"rendered":"https:\/\/irankiuzona.lt\/product\/lekstute-tepalo-filtrui-o68mm-14kamp\/"},"modified":"2026-04-13T11:09:33","modified_gmt":"2026-04-13T11:09:33","slug":"lekstute-tepalo-filtrui-o68mm-14kamp","status":"publish","type":"product","link":"https:\/\/irankiuzona.lt\/ru\/product\/lekstute-tepalo-filtrui-o68mm-14kamp\/","title":{"rendered":"L\u0117k\u0161tut\u0117 tepalo filtrui \u00d868mm \/ 14kamp."},"content":{"rendered":"<p>sheet metal 2 mm, black lacquered finish<\/p>","protected":false},"excerpt":{"rendered":"<p>L\u0117k\u0161tut\u0117 tepalo filtrui \u00d868mm \/ 14kamp. (3\/8 lizdas)<\/p>","protected":false},"featured_media":235388,"comment_status":"open","ping_status":"open","template":"","meta":[],"product_cat":[9705],"product_tag":[9462],"class_list":{"0":"post-235386","1":"product","2":"type-product","3":"status-publish","4":"has-post-thumbnail","6":"product_brand-condor-werkzeug-vokietija","7":"product_cat-galvutes-tepalo-filtrui","8":"product_tag-condor-werkzeug-vokietija","10":"first","11":"outofstock","12":"purchasable","13":"product-type-simple"},"jetpack_sharing_enabled":true,"_links":{"self":[{"href":"https:\/\/irankiuzona.lt\/ru\/wp-json\/wp\/v2\/product\/235386","targetHints":{"allow":["GET"]}}],"collection":[{"href":"https:\/\/irankiuzona.lt\/ru\/wp-json\/wp\/v2\/product"}],"about":[{"href":"https:\/\/irankiuzona.lt\/ru\/wp-json\/wp\/v2\/types\/product"}],"replies":[{"embeddable":true,"href":"https:\/\/irankiuzona.lt\/ru\/wp-json\/wp\/v2\/comments?post=235386"}],"version-history":[{"count":1,"href":"https:\/\/irankiuzona.lt\/ru\/wp-json\/wp\/v2\/product\/235386\/revisions"}],"predecessor-version":[{"id":413404,"href":"https:\/\/irankiuzona.lt\/ru\/wp-json\/wp\/v2\/product\/235386\/revisions\/413404"}],"wp:featuredmedia":[{"embeddable":true,"href":"https:\/\/irankiuzona.lt\/ru\/wp-json\/wp\/v2\/media\/235388"}],"wp:attachment":[{"href":"https:\/\/irankiuzona.lt\/ru\/wp-json\/wp\/v2\/media?parent=235386"}],"wp:term":[{"taxonomy":"product_cat","embeddable":true,"href":"https:\/\/irankiuzona.lt\/ru\/wp-json\/wp\/v2\/product_cat?post=235386"},{"taxonomy":"product_tag","embeddable":true,"href":"https:\/\/irankiuzona.lt\/ru\/wp-json\/wp\/v2\/product_tag?post=235386"}],"curies":[{"name":"wp","href":"https:\/\/api.w.org\/{rel}","templated":true}]}}