{"id":235392,"date":"2024-09-29T04:30:05","date_gmt":"2024-09-29T04:30:05","guid":{"rendered":"https:\/\/irankiuzona.lt\/product\/lekstute-tepalo-filtrui-74mm-15k\/"},"modified":"2026-04-13T11:09:33","modified_gmt":"2026-04-13T11:09:33","slug":"lekstute-tepalo-filtrui-74mm-15k","status":"publish","type":"product","link":"https:\/\/irankiuzona.lt\/ru\/product\/lekstute-tepalo-filtrui-74mm-15k\/","title":{"rendered":"L\u0117k\u0161tut\u0117 tepalo filtrui 74mm 15k"},"content":{"rendered":"<p>sheet metal 2 mm, black lacquered finish<\/p>","protected":false},"excerpt":{"rendered":"<p>L\u0117k\u0161tut\u0117 tepalo filtrui 74mm 15k<\/p>","protected":false},"featured_media":235394,"comment_status":"open","ping_status":"open","template":"","meta":[],"product_cat":[9705],"product_tag":[9462],"class_list":{"0":"post-235392","1":"product","2":"type-product","3":"status-publish","4":"has-post-thumbnail","6":"product_brand-condor-werkzeug-vokietija","7":"product_cat-galvutes-tepalo-filtrui","8":"product_tag-condor-werkzeug-vokietija","10":"first","11":"instock","12":"purchasable","13":"product-type-simple"},"jetpack_sharing_enabled":true,"_links":{"self":[{"href":"https:\/\/irankiuzona.lt\/ru\/wp-json\/wp\/v2\/product\/235392","targetHints":{"allow":["GET"]}}],"collection":[{"href":"https:\/\/irankiuzona.lt\/ru\/wp-json\/wp\/v2\/product"}],"about":[{"href":"https:\/\/irankiuzona.lt\/ru\/wp-json\/wp\/v2\/types\/product"}],"replies":[{"embeddable":true,"href":"https:\/\/irankiuzona.lt\/ru\/wp-json\/wp\/v2\/comments?post=235392"}],"version-history":[{"count":1,"href":"https:\/\/irankiuzona.lt\/ru\/wp-json\/wp\/v2\/product\/235392\/revisions"}],"predecessor-version":[{"id":413406,"href":"https:\/\/irankiuzona.lt\/ru\/wp-json\/wp\/v2\/product\/235392\/revisions\/413406"}],"wp:featuredmedia":[{"embeddable":true,"href":"https:\/\/irankiuzona.lt\/ru\/wp-json\/wp\/v2\/media\/235394"}],"wp:attachment":[{"href":"https:\/\/irankiuzona.lt\/ru\/wp-json\/wp\/v2\/media?parent=235392"}],"wp:term":[{"taxonomy":"product_cat","embeddable":true,"href":"https:\/\/irankiuzona.lt\/ru\/wp-json\/wp\/v2\/product_cat?post=235392"},{"taxonomy":"product_tag","embeddable":true,"href":"https:\/\/irankiuzona.lt\/ru\/wp-json\/wp\/v2\/product_tag?post=235392"}],"curies":[{"name":"wp","href":"https:\/\/api.w.org\/{rel}","templated":true}]}}