{"id":235485,"date":"2024-09-29T04:30:14","date_gmt":"2024-09-29T04:30:14","guid":{"rendered":"https:\/\/irankiuzona.lt\/product\/vinys-34x75x3mm\/"},"modified":"2026-04-06T03:12:32","modified_gmt":"2026-04-06T03:12:32","slug":"vinys-34x75x3mm","status":"publish","type":"product","link":"https:\/\/irankiuzona.lt\/ru\/product\/vinys-34x75x3mm\/","title":{"rendered":"Vinys 34x75x3mm"},"content":{"rendered":"<p>Ilgis (mm) 75YT-0923 viniam\u016b\u0161iuivienet\u0173 skai\u010dius (vnt.) 500svoris (g) 2000<\/p>","protected":false},"excerpt":{"rendered":"<p>Vinys 34x75x3mm<\/p>","protected":false},"featured_media":235487,"comment_status":"open","ping_status":"open","template":"","meta":[],"product_cat":[9669],"product_tag":[9483],"class_list":{"0":"post-235485","1":"product","2":"type-product","3":"status-publish","4":"has-post-thumbnail","6":"product_brand-yato-lenkija","7":"product_cat-pneumo-kabes-ir-vinys","8":"product_tag-yato-lenkija","10":"first","11":"instock","12":"purchasable","13":"product-type-simple"},"jetpack_sharing_enabled":true,"_links":{"self":[{"href":"https:\/\/irankiuzona.lt\/ru\/wp-json\/wp\/v2\/product\/235485","targetHints":{"allow":["GET"]}}],"collection":[{"href":"https:\/\/irankiuzona.lt\/ru\/wp-json\/wp\/v2\/product"}],"about":[{"href":"https:\/\/irankiuzona.lt\/ru\/wp-json\/wp\/v2\/types\/product"}],"replies":[{"embeddable":true,"href":"https:\/\/irankiuzona.lt\/ru\/wp-json\/wp\/v2\/comments?post=235485"}],"version-history":[{"count":0,"href":"https:\/\/irankiuzona.lt\/ru\/wp-json\/wp\/v2\/product\/235485\/revisions"}],"wp:featuredmedia":[{"embeddable":true,"href":"https:\/\/irankiuzona.lt\/ru\/wp-json\/wp\/v2\/media\/235487"}],"wp:attachment":[{"href":"https:\/\/irankiuzona.lt\/ru\/wp-json\/wp\/v2\/media?parent=235485"}],"wp:term":[{"taxonomy":"product_cat","embeddable":true,"href":"https:\/\/irankiuzona.lt\/ru\/wp-json\/wp\/v2\/product_cat?post=235485"},{"taxonomy":"product_tag","embeddable":true,"href":"https:\/\/irankiuzona.lt\/ru\/wp-json\/wp\/v2\/product_tag?post=235485"}],"curies":[{"name":"wp","href":"https:\/\/api.w.org\/{rel}","templated":true}]}}