{"id":235562,"date":"2024-09-29T04:30:21","date_gmt":"2024-09-29T04:30:21","guid":{"rendered":"https:\/\/irankiuzona.lt\/product\/skyliu-ismuseju-komplektas-5-35-mm\/"},"modified":"2026-04-14T10:29:36","modified_gmt":"2026-04-14T10:29:36","slug":"skyliu-ismuseju-komplektas-5-35-mm","status":"publish","type":"product","link":"https:\/\/irankiuzona.lt\/ru\/product\/skyliu-ismuseju-komplektas-5-35-mm\/","title":{"rendered":"Skyli\u0173 i\u0161mu\u0161\u0117j\u0173 komplektas (5-35 mm)"},"content":{"rendered":"<p>Komplekte\u00a0\u00d8\u00a05-6-8-10-11-13-16-19-22-25-28-32-35 mm<\/p>\n<p>designed to cut clean holes in all kinds of sealing materials, especially in the automotive sector, with spring-loaded centering pin<br \/>\n1 holder with protective grip<br \/>\n13 exchangeable punches<\/p>","protected":false},"excerpt":{"rendered":"<p>Skyli\u0173 i\u0161mu\u0161\u0117j\u0173 \/ skyli\u0173 i\u0161kal\u0117j\u0173 komplektas (5-35 mm)<\/p>","protected":false},"featured_media":235564,"comment_status":"open","ping_status":"open","template":"","meta":[],"product_cat":[9718],"product_tag":[9462],"class_list":{"0":"post-235562","1":"product","2":"type-product","3":"status-publish","4":"has-post-thumbnail","6":"product_brand-condor-werkzeug-vokietija","7":"product_cat-skyliu-ismusejai-odai-plastikui-gumai","8":"product_tag-condor-werkzeug-vokietija","10":"first","11":"instock","12":"purchasable","13":"product-type-simple"},"jetpack_sharing_enabled":true,"_links":{"self":[{"href":"https:\/\/irankiuzona.lt\/ru\/wp-json\/wp\/v2\/product\/235562","targetHints":{"allow":["GET"]}}],"collection":[{"href":"https:\/\/irankiuzona.lt\/ru\/wp-json\/wp\/v2\/product"}],"about":[{"href":"https:\/\/irankiuzona.lt\/ru\/wp-json\/wp\/v2\/types\/product"}],"replies":[{"embeddable":true,"href":"https:\/\/irankiuzona.lt\/ru\/wp-json\/wp\/v2\/comments?post=235562"}],"version-history":[{"count":1,"href":"https:\/\/irankiuzona.lt\/ru\/wp-json\/wp\/v2\/product\/235562\/revisions"}],"predecessor-version":[{"id":413459,"href":"https:\/\/irankiuzona.lt\/ru\/wp-json\/wp\/v2\/product\/235562\/revisions\/413459"}],"wp:featuredmedia":[{"embeddable":true,"href":"https:\/\/irankiuzona.lt\/ru\/wp-json\/wp\/v2\/media\/235564"}],"wp:attachment":[{"href":"https:\/\/irankiuzona.lt\/ru\/wp-json\/wp\/v2\/media?parent=235562"}],"wp:term":[{"taxonomy":"product_cat","embeddable":true,"href":"https:\/\/irankiuzona.lt\/ru\/wp-json\/wp\/v2\/product_cat?post=235562"},{"taxonomy":"product_tag","embeddable":true,"href":"https:\/\/irankiuzona.lt\/ru\/wp-json\/wp\/v2\/product_tag?post=235562"}],"curies":[{"name":"wp","href":"https:\/\/api.w.org\/{rel}","templated":true}]}}