{"id":235615,"date":"2024-09-29T04:30:27","date_gmt":"2024-09-29T04:30:27","guid":{"rendered":"https:\/\/irankiuzona.lt\/product\/galvute-zvakems-3-8-14mm-12-kampe-90mm-ilgio\/"},"modified":"2026-04-25T08:15:47","modified_gmt":"2026-04-25T08:15:47","slug":"galvute-zvakems-3-8-14mm-12-kampe-90mm-ilgio","status":"publish","type":"product","link":"https:\/\/irankiuzona.lt\/ru\/product\/galvute-zvakems-3-8-14mm-12-kampe-90mm-ilgio\/","title":{"rendered":"Galvut\u0117 \u017evak\u0117ms 3\/8&quot; 14mm. 12-kamp\u0117 90mm. ilgio"},"content":{"rendered":"<p>Raktas 3\/8&quot; 14 mm,  ilgis\u00a090 mm 12-kamp\u0173 Citroen C5 HPI\/ Peugeot 406 HPI\/ Mini one\/ BMW   Papildoma informacija: 247\/90<\/p>","protected":false},"excerpt":{"rendered":"<p>Galvut\u0117 \u017evak\u0117ms 3\/8&quot; 14mm. 12-kamp\u0117 90mm. ilgio<\/p>","protected":false},"featured_media":235617,"comment_status":"open","ping_status":"open","template":"","meta":[],"product_cat":[9619],"product_tag":[9462],"class_list":{"0":"post-235615","1":"product","2":"type-product","3":"status-publish","4":"has-post-thumbnail","6":"product_brand-condor-werkzeug-vokietija","7":"product_cat-galvutes-zvakems","8":"product_tag-condor-werkzeug-vokietija","10":"first","11":"instock","12":"purchasable","13":"product-type-simple"},"jetpack_sharing_enabled":true,"_links":{"self":[{"href":"https:\/\/irankiuzona.lt\/ru\/wp-json\/wp\/v2\/product\/235615","targetHints":{"allow":["GET"]}}],"collection":[{"href":"https:\/\/irankiuzona.lt\/ru\/wp-json\/wp\/v2\/product"}],"about":[{"href":"https:\/\/irankiuzona.lt\/ru\/wp-json\/wp\/v2\/types\/product"}],"replies":[{"embeddable":true,"href":"https:\/\/irankiuzona.lt\/ru\/wp-json\/wp\/v2\/comments?post=235615"}],"version-history":[{"count":1,"href":"https:\/\/irankiuzona.lt\/ru\/wp-json\/wp\/v2\/product\/235615\/revisions"}],"predecessor-version":[{"id":413475,"href":"https:\/\/irankiuzona.lt\/ru\/wp-json\/wp\/v2\/product\/235615\/revisions\/413475"}],"wp:featuredmedia":[{"embeddable":true,"href":"https:\/\/irankiuzona.lt\/ru\/wp-json\/wp\/v2\/media\/235617"}],"wp:attachment":[{"href":"https:\/\/irankiuzona.lt\/ru\/wp-json\/wp\/v2\/media?parent=235615"}],"wp:term":[{"taxonomy":"product_cat","embeddable":true,"href":"https:\/\/irankiuzona.lt\/ru\/wp-json\/wp\/v2\/product_cat?post=235615"},{"taxonomy":"product_tag","embeddable":true,"href":"https:\/\/irankiuzona.lt\/ru\/wp-json\/wp\/v2\/product_tag?post=235615"}],"curies":[{"name":"wp","href":"https:\/\/api.w.org\/{rel}","templated":true}]}}