{"id":235623,"date":"2024-09-29T04:30:28","date_gmt":"2024-09-29T04:30:28","guid":{"rendered":"https:\/\/irankiuzona.lt\/product\/bagazines-spynu-fiksavimo-irankis\/"},"modified":"2026-05-16T16:47:09","modified_gmt":"2026-05-16T16:47:09","slug":"bagazines-spynu-fiksavimo-irankis","status":"publish","type":"product","link":"https:\/\/irankiuzona.lt\/ru\/product\/bagazines-spynu-fiksavimo-irankis\/","title":{"rendered":"Baga\u017ein\u0117s, spyn\u0173 fiksavimo \u012frankis"},"content":{"rendered":"<p>for clamping on weak gas struts in extended position on engine hood and trunk<\/p>","protected":false},"excerpt":{"rendered":"<p>Baga\u017ein\u0117s, spyn\u0173 fiksavimo \u012frankis<\/p>","protected":false},"featured_media":235625,"comment_status":"open","ping_status":"open","template":"","meta":[],"product_cat":[9529],"product_tag":[9462],"class_list":{"0":"post-235623","1":"product","2":"type-product","3":"status-publish","4":"has-post-thumbnail","6":"product_brand-condor-werkzeug-vokietija","7":"product_cat-irankiai-apdailos-ardymui","8":"product_tag-condor-werkzeug-vokietija","10":"first","11":"instock","12":"purchasable","13":"product-type-simple"},"jetpack_sharing_enabled":true,"_links":{"self":[{"href":"https:\/\/irankiuzona.lt\/ru\/wp-json\/wp\/v2\/product\/235623","targetHints":{"allow":["GET"]}}],"collection":[{"href":"https:\/\/irankiuzona.lt\/ru\/wp-json\/wp\/v2\/product"}],"about":[{"href":"https:\/\/irankiuzona.lt\/ru\/wp-json\/wp\/v2\/types\/product"}],"replies":[{"embeddable":true,"href":"https:\/\/irankiuzona.lt\/ru\/wp-json\/wp\/v2\/comments?post=235623"}],"version-history":[{"count":1,"href":"https:\/\/irankiuzona.lt\/ru\/wp-json\/wp\/v2\/product\/235623\/revisions"}],"predecessor-version":[{"id":413478,"href":"https:\/\/irankiuzona.lt\/ru\/wp-json\/wp\/v2\/product\/235623\/revisions\/413478"}],"wp:featuredmedia":[{"embeddable":true,"href":"https:\/\/irankiuzona.lt\/ru\/wp-json\/wp\/v2\/media\/235625"}],"wp:attachment":[{"href":"https:\/\/irankiuzona.lt\/ru\/wp-json\/wp\/v2\/media?parent=235623"}],"wp:term":[{"taxonomy":"product_cat","embeddable":true,"href":"https:\/\/irankiuzona.lt\/ru\/wp-json\/wp\/v2\/product_cat?post=235623"},{"taxonomy":"product_tag","embeddable":true,"href":"https:\/\/irankiuzona.lt\/ru\/wp-json\/wp\/v2\/product_tag?post=235623"}],"curies":[{"name":"wp","href":"https:\/\/api.w.org\/{rel}","templated":true}]}}