{"id":235730,"date":"2024-09-29T04:30:38","date_gmt":"2024-09-29T04:30:38","guid":{"rendered":"https:\/\/irankiuzona.lt\/product\/ipurskimo-siurblio-nuemejas-bmw-m41-m51-opel-2-5td\/"},"modified":"2026-05-16T06:52:27","modified_gmt":"2026-05-16T06:52:27","slug":"ipurskimo-siurblio-nuemejas-bmw-m41-m51-opel-2-5td","status":"publish","type":"product","link":"https:\/\/irankiuzona.lt\/ru\/product\/ipurskimo-siurblio-nuemejas-bmw-m41-m51-opel-2-5td\/","title":{"rendered":"\u012epur\u0161kimo siurblio nuem\u0117jas BMW M41\/M51, Opel 2.5TD"},"content":{"rendered":"<p>\u012epur\u0161kimo siurblio nuem\u0117jas BMW M41\/M51, Opel 2.5TD\u00a0<\/p>","protected":false},"excerpt":{"rendered":"<p>\u012epur\u0161kimo siurblio nuem\u0117jas BMW M41\/M51, Opel 2.5TD\u00a0<\/p>","protected":false},"featured_media":235732,"comment_status":"open","ping_status":"open","template":"","meta":[],"product_cat":[9748],"product_tag":[9845],"class_list":{"0":"post-235730","1":"product","2":"type-product","3":"status-publish","4":"has-post-thumbnail","6":"product_brand-vokietija-germany","7":"product_cat-variklio-blokavimo-irankiai","8":"product_tag-vokietija-germany","10":"first","11":"instock","12":"purchasable","13":"product-type-simple"},"jetpack_sharing_enabled":true,"_links":{"self":[{"href":"https:\/\/irankiuzona.lt\/ru\/wp-json\/wp\/v2\/product\/235730","targetHints":{"allow":["GET"]}}],"collection":[{"href":"https:\/\/irankiuzona.lt\/ru\/wp-json\/wp\/v2\/product"}],"about":[{"href":"https:\/\/irankiuzona.lt\/ru\/wp-json\/wp\/v2\/types\/product"}],"replies":[{"embeddable":true,"href":"https:\/\/irankiuzona.lt\/ru\/wp-json\/wp\/v2\/comments?post=235730"}],"version-history":[{"count":1,"href":"https:\/\/irankiuzona.lt\/ru\/wp-json\/wp\/v2\/product\/235730\/revisions"}],"predecessor-version":[{"id":413515,"href":"https:\/\/irankiuzona.lt\/ru\/wp-json\/wp\/v2\/product\/235730\/revisions\/413515"}],"wp:featuredmedia":[{"embeddable":true,"href":"https:\/\/irankiuzona.lt\/ru\/wp-json\/wp\/v2\/media\/235732"}],"wp:attachment":[{"href":"https:\/\/irankiuzona.lt\/ru\/wp-json\/wp\/v2\/media?parent=235730"}],"wp:term":[{"taxonomy":"product_cat","embeddable":true,"href":"https:\/\/irankiuzona.lt\/ru\/wp-json\/wp\/v2\/product_cat?post=235730"},{"taxonomy":"product_tag","embeddable":true,"href":"https:\/\/irankiuzona.lt\/ru\/wp-json\/wp\/v2\/product_tag?post=235730"}],"curies":[{"name":"wp","href":"https:\/\/api.w.org\/{rel}","templated":true}]}}