{"id":235748,"date":"2024-09-29T04:30:40","date_gmt":"2024-09-29T04:30:40","guid":{"rendered":"https:\/\/irankiuzona.lt\/product\/terksliu-k-tas-1-43-81-2-su-ideklu-vezimeliui-85-daliu\/"},"modified":"2026-04-12T02:32:30","modified_gmt":"2026-04-12T02:32:30","slug":"terksliu-k-tas-1-43-81-2-su-ideklu-vezimeliui-85-daliu","status":"publish","type":"product","link":"https:\/\/irankiuzona.lt\/ru\/product\/terksliu-k-tas-1-43-81-2-su-ideklu-vezimeliui-85-daliu\/","title":{"rendered":"Terk\u0161li\u0173 k-tas 1\/4+3\/8+1\/2 su \u012fd\u0117klu ve\u017eim\u0117liui 85 dali\u0173"},"content":{"rendered":"<p>\u012ed\u0117klo dydis stal\u010diuje &#8211; 3\/3 (36x560x395 mm) Chrome-vanadium steel  Komplekte: 1\/4 :  Terk\u0161l\u0117 palenkta (72 dant\u0173) Sukimo rankena 150mm Prailgintuvai &#8211; 50\/100\/300 mm \u0160arnyras Galvut\u0117s &quot;6-kamp\u0117s&quot;: trumpos 4-14 mm \/ ilgos 5-10 mm  Galvut\u0117s E-profil E4-E8 trumpos  3\/8 : Terk\u0161l\u0117 palenkta (72 dant\u0173) Prailgintuvas &#8211; 125 mm \u0160arnyras Galvut\u0117s &quot;6-kamp\u0117s&quot;: trumpos 10-19 mm \/ ilgos 10-15 mm\u00a0 Galvut\u0117s E-profil E10-E18 trumpos  1\/2 : Terk\u0161l\u0117 palenkta (72 dant\u0173) Prailgintuvai &#8211; 125\/250 mm Slankiojanti jungtis \u0160arnyras Galvut\u0117s &quot;6-kamp\u0117s&quot;: trumpos 10-32 mm \/ ilgos 16-22 mm\u00a0 Galvut\u0117s E-profil E20-E24 trumpos<\/p>","protected":false},"excerpt":{"rendered":"<p>Terk\u0161li\u0173 k-tas 1\/4+3\/8+1\/2 su \u012fd\u0117klu ve\u017eim\u0117liui 85 dali\u0173<\/p>","protected":false},"featured_media":235750,"comment_status":"open","ping_status":"open","template":"","meta":[],"product_cat":[9870],"product_tag":[9462],"class_list":{"0":"post-235748","1":"product","2":"type-product","3":"status-publish","4":"has-post-thumbnail","6":"product_brand-condor-werkzeug-vokietija","7":"product_cat-deklai-i-vezimus-su-irankiais-ir-tusti","8":"product_tag-condor-werkzeug-vokietija","10":"first","11":"instock","12":"purchasable","13":"product-type-simple"},"jetpack_sharing_enabled":true,"_links":{"self":[{"href":"https:\/\/irankiuzona.lt\/ru\/wp-json\/wp\/v2\/product\/235748","targetHints":{"allow":["GET"]}}],"collection":[{"href":"https:\/\/irankiuzona.lt\/ru\/wp-json\/wp\/v2\/product"}],"about":[{"href":"https:\/\/irankiuzona.lt\/ru\/wp-json\/wp\/v2\/types\/product"}],"replies":[{"embeddable":true,"href":"https:\/\/irankiuzona.lt\/ru\/wp-json\/wp\/v2\/comments?post=235748"}],"version-history":[{"count":1,"href":"https:\/\/irankiuzona.lt\/ru\/wp-json\/wp\/v2\/product\/235748\/revisions"}],"predecessor-version":[{"id":413521,"href":"https:\/\/irankiuzona.lt\/ru\/wp-json\/wp\/v2\/product\/235748\/revisions\/413521"}],"wp:featuredmedia":[{"embeddable":true,"href":"https:\/\/irankiuzona.lt\/ru\/wp-json\/wp\/v2\/media\/235750"}],"wp:attachment":[{"href":"https:\/\/irankiuzona.lt\/ru\/wp-json\/wp\/v2\/media?parent=235748"}],"wp:term":[{"taxonomy":"product_cat","embeddable":true,"href":"https:\/\/irankiuzona.lt\/ru\/wp-json\/wp\/v2\/product_cat?post=235748"},{"taxonomy":"product_tag","embeddable":true,"href":"https:\/\/irankiuzona.lt\/ru\/wp-json\/wp\/v2\/product_tag?post=235748"}],"curies":[{"name":"wp","href":"https:\/\/api.w.org\/{rel}","templated":true}]}}