{"id":235759,"date":"2024-09-29T04:30:42","date_gmt":"2024-09-29T04:30:42","guid":{"rendered":"https:\/\/irankiuzona.lt\/product\/smuginiu-extra-trumpu-galvuciu-komplektas-1-2-6k-8-24-mm\/"},"modified":"2026-05-14T16:54:07","modified_gmt":"2026-05-14T16:54:07","slug":"smuginiu-extra-trumpu-galvuciu-komplektas-1-2-6k-8-24-mm","status":"publish","type":"product","link":"https:\/\/irankiuzona.lt\/ru\/product\/smuginiu-extra-trumpu-galvuciu-komplektas-1-2-6k-8-24-mm\/","title":{"rendered":"Sm\u016bgini\u0173 EXTRA trump\u0173 galvu\u010di\u0173 komplektas 1\/2&quot; 6k. (8-24 mm)"},"content":{"rendered":"<p>Komplekte:\u00a08, 9, 10, 11, 12, 13, 14, 15, 16, 17, 18, 19, 20, 21, 22, 23, 24 mm<\/p>\n<p>extra short pattern<br \/>\nincludes all intermediate sizes<br \/>\nideal for narrow spaces<br \/>\nrequires less space when used with ordinary ratchet or impact wrench<br \/>\nsupplied on socket rail<\/p>","protected":false},"excerpt":{"rendered":"<p>Sm\u016bgini\u0173 EXTRA trump\u0173 galvu\u010di\u0173 komplektas 1\/2&quot; 6k. (8-24 mm)<\/p>","protected":false},"featured_media":235761,"comment_status":"open","ping_status":"open","template":"","meta":[],"product_cat":[9499],"product_tag":[9462],"class_list":{"0":"post-235759","1":"product","2":"type-product","3":"status-publish","4":"has-post-thumbnail","6":"product_brand-condor-werkzeug-vokietija","7":"product_cat-smuginiu-galvuciu-komplektai","8":"product_tag-condor-werkzeug-vokietija","10":"first","11":"instock","12":"purchasable","13":"product-type-simple"},"jetpack_sharing_enabled":true,"_links":{"self":[{"href":"https:\/\/irankiuzona.lt\/ru\/wp-json\/wp\/v2\/product\/235759","targetHints":{"allow":["GET"]}}],"collection":[{"href":"https:\/\/irankiuzona.lt\/ru\/wp-json\/wp\/v2\/product"}],"about":[{"href":"https:\/\/irankiuzona.lt\/ru\/wp-json\/wp\/v2\/types\/product"}],"replies":[{"embeddable":true,"href":"https:\/\/irankiuzona.lt\/ru\/wp-json\/wp\/v2\/comments?post=235759"}],"version-history":[{"count":1,"href":"https:\/\/irankiuzona.lt\/ru\/wp-json\/wp\/v2\/product\/235759\/revisions"}],"predecessor-version":[{"id":413525,"href":"https:\/\/irankiuzona.lt\/ru\/wp-json\/wp\/v2\/product\/235759\/revisions\/413525"}],"wp:featuredmedia":[{"embeddable":true,"href":"https:\/\/irankiuzona.lt\/ru\/wp-json\/wp\/v2\/media\/235761"}],"wp:attachment":[{"href":"https:\/\/irankiuzona.lt\/ru\/wp-json\/wp\/v2\/media?parent=235759"}],"wp:term":[{"taxonomy":"product_cat","embeddable":true,"href":"https:\/\/irankiuzona.lt\/ru\/wp-json\/wp\/v2\/product_cat?post=235759"},{"taxonomy":"product_tag","embeddable":true,"href":"https:\/\/irankiuzona.lt\/ru\/wp-json\/wp\/v2\/product_tag?post=235759"}],"curies":[{"name":"wp","href":"https:\/\/api.w.org\/{rel}","templated":true}]}}