{"id":235803,"date":"2024-09-29T04:30:47","date_gmt":"2024-09-29T04:30:47","guid":{"rendered":"https:\/\/irankiuzona.lt\/product\/elektroninis-stetoskopas-6-kanalu\/"},"modified":"2026-05-16T21:12:00","modified_gmt":"2026-05-16T21:12:00","slug":"elektroninis-stetoskopas-6-kanalu","status":"publish","type":"product","link":"https:\/\/irankiuzona.lt\/ru\/product\/elektroninis-stetoskopas-6-kanalu\/","title":{"rendered":"Elektroninis stetoskopas 6 kanal\u0173"},"content":{"rendered":"<p>6 gnybtai gali b\u016bti prijungti skirtingose vietose ir perjungin\u0117jami kanal\u0173 pagalba  Lengvai randa ir padeda grei\u010diau rasti triuk\u0161mo prie\u017east\u012f Stiprintuvas leid\u017eia greitai ir lengvai tai padaryti &#8211; 6 stiprintuvo nustatymai, va\u017eiuojant \u012fvairiuose bandomuosiuose punktuose  &#8211; &quot;Krokodilai&quot; tvirtinasi prie variklio, transmisijos ir a\u0161i\u0173 dali\u0173<\/p>","protected":false},"excerpt":{"rendered":"<p>Elektroninis stetoskopas 6 kanal\u0173<\/p>","protected":false},"featured_media":235805,"comment_status":"open","ping_status":"open","template":"","meta":[],"product_cat":[9550],"product_tag":[9462],"class_list":{"0":"post-235803","1":"product","2":"type-product","3":"status-publish","4":"has-post-thumbnail","6":"product_brand-condor-werkzeug-vokietija","7":"product_cat-kiti-matuokliai-stetoskopai-termometrai-karbiuratoriams","8":"product_tag-condor-werkzeug-vokietija","10":"first","11":"instock","12":"purchasable","13":"product-type-simple"},"jetpack_sharing_enabled":true,"_links":{"self":[{"href":"https:\/\/irankiuzona.lt\/ru\/wp-json\/wp\/v2\/product\/235803","targetHints":{"allow":["GET"]}}],"collection":[{"href":"https:\/\/irankiuzona.lt\/ru\/wp-json\/wp\/v2\/product"}],"about":[{"href":"https:\/\/irankiuzona.lt\/ru\/wp-json\/wp\/v2\/types\/product"}],"replies":[{"embeddable":true,"href":"https:\/\/irankiuzona.lt\/ru\/wp-json\/wp\/v2\/comments?post=235803"}],"version-history":[{"count":1,"href":"https:\/\/irankiuzona.lt\/ru\/wp-json\/wp\/v2\/product\/235803\/revisions"}],"predecessor-version":[{"id":413540,"href":"https:\/\/irankiuzona.lt\/ru\/wp-json\/wp\/v2\/product\/235803\/revisions\/413540"}],"wp:featuredmedia":[{"embeddable":true,"href":"https:\/\/irankiuzona.lt\/ru\/wp-json\/wp\/v2\/media\/235805"}],"wp:attachment":[{"href":"https:\/\/irankiuzona.lt\/ru\/wp-json\/wp\/v2\/media?parent=235803"}],"wp:term":[{"taxonomy":"product_cat","embeddable":true,"href":"https:\/\/irankiuzona.lt\/ru\/wp-json\/wp\/v2\/product_cat?post=235803"},{"taxonomy":"product_tag","embeddable":true,"href":"https:\/\/irankiuzona.lt\/ru\/wp-json\/wp\/v2\/product_tag?post=235803"}],"curies":[{"name":"wp","href":"https:\/\/api.w.org\/{rel}","templated":true}]}}