{"id":235808,"date":"2024-09-29T04:30:47","date_gmt":"2024-09-29T04:30:47","guid":{"rendered":"https:\/\/irankiuzona.lt\/product\/deimantine-grezimo-karuna-o-68mm\/"},"modified":"2024-12-02T12:15:23","modified_gmt":"2024-12-02T12:15:23","slug":"deimantine-grezimo-karuna-o-68mm","status":"publish","type":"product","link":"https:\/\/irankiuzona.lt\/ru\/product\/deimantine-grezimo-karuna-o-68mm\/","title":{"rendered":"Deimantin\u0117 gr\u0119\u017eimo kar\u016bna \u00d8 68mm"},"content":{"rendered":"<p>\u2022 Tiles, earthenware, marble, porcelain stoneware \u2022 Maximum operating speed : 800-1200 Tr\/Min.<\/p>","protected":false},"excerpt":{"rendered":"<p>Deimantin\u0117 gr\u0119\u017eimo kar\u016bn\u0117l\u0117 \u00d8 68mm<\/p>","protected":false},"featured_media":235810,"comment_status":"open","ping_status":"open","template":"","meta":[],"product_cat":[9675],"product_tag":[9478],"class_list":{"0":"post-235808","1":"product","2":"type-product","3":"status-publish","4":"has-post-thumbnail","6":"product_brand-leman-prancuzija","7":"product_cat-deimantines-grezimo-karunos","8":"product_tag-leman-prancuzija","10":"first","11":"outofstock","12":"purchasable","13":"product-type-simple"},"jetpack_sharing_enabled":true,"_links":{"self":[{"href":"https:\/\/irankiuzona.lt\/ru\/wp-json\/wp\/v2\/product\/235808","targetHints":{"allow":["GET"]}}],"collection":[{"href":"https:\/\/irankiuzona.lt\/ru\/wp-json\/wp\/v2\/product"}],"about":[{"href":"https:\/\/irankiuzona.lt\/ru\/wp-json\/wp\/v2\/types\/product"}],"replies":[{"embeddable":true,"href":"https:\/\/irankiuzona.lt\/ru\/wp-json\/wp\/v2\/comments?post=235808"}],"version-history":[{"count":0,"href":"https:\/\/irankiuzona.lt\/ru\/wp-json\/wp\/v2\/product\/235808\/revisions"}],"wp:featuredmedia":[{"embeddable":true,"href":"https:\/\/irankiuzona.lt\/ru\/wp-json\/wp\/v2\/media\/235810"}],"wp:attachment":[{"href":"https:\/\/irankiuzona.lt\/ru\/wp-json\/wp\/v2\/media?parent=235808"}],"wp:term":[{"taxonomy":"product_cat","embeddable":true,"href":"https:\/\/irankiuzona.lt\/ru\/wp-json\/wp\/v2\/product_cat?post=235808"},{"taxonomy":"product_tag","embeddable":true,"href":"https:\/\/irankiuzona.lt\/ru\/wp-json\/wp\/v2\/product_tag?post=235808"}],"curies":[{"name":"wp","href":"https:\/\/api.w.org\/{rel}","templated":true}]}}