{"id":235865,"date":"2024-09-29T04:30:53","date_gmt":"2024-09-29T04:30:53","guid":{"rendered":"https:\/\/irankiuzona.lt\/product\/radiatoriaus-spaudimo-ir-ausinimo-sistemos-testavimo-komplektas-26vnt\/"},"modified":"2026-05-15T21:39:17","modified_gmt":"2026-05-15T21:39:17","slug":"radiatoriaus-spaudimo-ir-ausinimo-sistemos-testavimo-komplektas-26vnt","status":"publish","type":"product","link":"https:\/\/irankiuzona.lt\/ru\/product\/radiatoriaus-spaudimo-ir-ausinimo-sistemos-testavimo-komplektas-26vnt\/","title":{"rendered":"Radiatoriaus spaudimo ir au\u0161inimo sistemos testavimo komplektas, 26vnt."},"content":{"rendered":"<p>Tai prietaisas skirtas automobilio au\u0161inimo sistemai patikrinti. Prietaisas jungiamas prie automobilio au\u0161inimo sistemos i\u0161sipl\u0117timo bakelio arba tiesiai prie radiatoriaus speciali\u0173 adapteri\u0173 pagalba.Tinkamas visam standartiniam transportui.<\/p>","protected":false},"excerpt":{"rendered":"<p>Radiatoriaus spaudimo ir au\u0161inimo sistemos testavimo komplektas, 26vnt.<\/p>","protected":false},"featured_media":235867,"comment_status":"open","ping_status":"open","template":"","meta":[],"product_cat":[9563],"product_tag":[9435],"class_list":{"0":"post-235865","1":"product","2":"type-product","3":"status-publish","4":"has-post-thumbnail","6":"product_brand-kinija","7":"product_cat-irankiai-ausinimo-sistemai","8":"product_tag-kinija","10":"first","11":"outofstock","12":"purchasable","13":"product-type-simple"},"jetpack_sharing_enabled":true,"_links":{"self":[{"href":"https:\/\/irankiuzona.lt\/ru\/wp-json\/wp\/v2\/product\/235865","targetHints":{"allow":["GET"]}}],"collection":[{"href":"https:\/\/irankiuzona.lt\/ru\/wp-json\/wp\/v2\/product"}],"about":[{"href":"https:\/\/irankiuzona.lt\/ru\/wp-json\/wp\/v2\/types\/product"}],"replies":[{"embeddable":true,"href":"https:\/\/irankiuzona.lt\/ru\/wp-json\/wp\/v2\/comments?post=235865"}],"version-history":[{"count":1,"href":"https:\/\/irankiuzona.lt\/ru\/wp-json\/wp\/v2\/product\/235865\/revisions"}],"predecessor-version":[{"id":413557,"href":"https:\/\/irankiuzona.lt\/ru\/wp-json\/wp\/v2\/product\/235865\/revisions\/413557"}],"wp:featuredmedia":[{"embeddable":true,"href":"https:\/\/irankiuzona.lt\/ru\/wp-json\/wp\/v2\/media\/235867"}],"wp:attachment":[{"href":"https:\/\/irankiuzona.lt\/ru\/wp-json\/wp\/v2\/media?parent=235865"}],"wp:term":[{"taxonomy":"product_cat","embeddable":true,"href":"https:\/\/irankiuzona.lt\/ru\/wp-json\/wp\/v2\/product_cat?post=235865"},{"taxonomy":"product_tag","embeddable":true,"href":"https:\/\/irankiuzona.lt\/ru\/wp-json\/wp\/v2\/product_tag?post=235865"}],"curies":[{"name":"wp","href":"https:\/\/api.w.org\/{rel}","templated":true}]}}