{"id":235926,"date":"2024-09-29T04:30:58","date_gmt":"2024-09-29T04:30:58","guid":{"rendered":"https:\/\/irankiuzona.lt\/product\/indukcinis-kaitintuvas-indi\/"},"modified":"2026-01-22T20:40:41","modified_gmt":"2026-01-22T20:40:41","slug":"indukcinis-kaitintuvas-indi","status":"publish","type":"product","link":"https:\/\/irankiuzona.lt\/ru\/product\/indukcinis-kaitintuvas-indi\/","title":{"rendered":"Indukcinis kaitintuvas INDI"},"content":{"rendered":"<p>Indukcinis \u0161ildytuvas INDI-1Indukcinis kaitintuvas INDI-1 &#8211; tai prietaisas, skirtas greitam metalini\u0173 element\u0173 \u0161ildymui. Puikiai tinka naudojimui remonto dirbtuv\u0117se ir automobili\u0173 servisuose. Indukcinis kaitintuvas gali b\u016bti naudojamas vamzd\u017ei\u0173 ir stryp\u0173 lenkimui, var\u017et\u0173 atsukimui, lak\u0161tinio metalo tiesinimui ar lipduk\u0173 \u0161alinimui.<br \/>\nGamintojas: Tecweld Artikulas: 7811651<\/p>\n<p>Maitinimas<\/p>\n<p>AC 230V 50Hz<\/p>\n<p>Maks. energijos s\u0105naudos<\/p>\n<p>2,0 kVA<\/p>\n<p>Darbo ciklas<\/p>\n<p>15%<\/p>\n<p>Indukcijos da\u017enis<\/p>\n<p>100 kHz<\/p>\n<p>Tinklo apsauga<\/p>\n<p>16 A<\/p>\n<p>\u0160ildymo rankenos ilgis<\/p>\n<p>2 m<\/p>\n<p>I\u0161matavimai<\/p>\n<p>365 x 140 x 200 mm<\/p>\n<p>Svoris<\/p>\n<p>4,5 kg<\/p>\n<p>Rinkinyje yra sekan\u010dios rit\u0117s:<\/p>\n<p>Kampin\u0117 20 mm<br \/>\nKampin\u0117 28 mm<br \/>\nSand\u016brin\u0117 20 mm<br \/>\nSand\u016brin\u0117 28 mm<br \/>\nPlok\u0161\u010dia 55 mm<br \/>\nLanksti (vamzd\u017eiams ir strypams)<br \/>\nTa\u0161kiniam lak\u0161t\u0173 \u0161ildymui<\/p>","protected":false},"excerpt":{"rendered":"<p>Indukcinis kaitinimo aparatas INDI<\/p>","protected":false},"featured_media":235928,"comment_status":"open","ping_status":"open","template":"","meta":[],"product_cat":[9965],"product_tag":[],"class_list":{"0":"post-235926","1":"product","2":"type-product","3":"status-publish","4":"has-post-thumbnail","6":"product_cat-indukciniai-kaitintuvai","8":"first","9":"outofstock","10":"purchasable","11":"product-type-simple"},"jetpack_sharing_enabled":true,"_links":{"self":[{"href":"https:\/\/irankiuzona.lt\/ru\/wp-json\/wp\/v2\/product\/235926","targetHints":{"allow":["GET"]}}],"collection":[{"href":"https:\/\/irankiuzona.lt\/ru\/wp-json\/wp\/v2\/product"}],"about":[{"href":"https:\/\/irankiuzona.lt\/ru\/wp-json\/wp\/v2\/types\/product"}],"replies":[{"embeddable":true,"href":"https:\/\/irankiuzona.lt\/ru\/wp-json\/wp\/v2\/comments?post=235926"}],"version-history":[{"count":1,"href":"https:\/\/irankiuzona.lt\/ru\/wp-json\/wp\/v2\/product\/235926\/revisions"}],"predecessor-version":[{"id":413569,"href":"https:\/\/irankiuzona.lt\/ru\/wp-json\/wp\/v2\/product\/235926\/revisions\/413569"}],"wp:featuredmedia":[{"embeddable":true,"href":"https:\/\/irankiuzona.lt\/ru\/wp-json\/wp\/v2\/media\/235928"}],"wp:attachment":[{"href":"https:\/\/irankiuzona.lt\/ru\/wp-json\/wp\/v2\/media?parent=235926"}],"wp:term":[{"taxonomy":"product_cat","embeddable":true,"href":"https:\/\/irankiuzona.lt\/ru\/wp-json\/wp\/v2\/product_cat?post=235926"},{"taxonomy":"product_tag","embeddable":true,"href":"https:\/\/irankiuzona.lt\/ru\/wp-json\/wp\/v2\/product_tag?post=235926"}],"curies":[{"name":"wp","href":"https:\/\/api.w.org\/{rel}","templated":true}]}}