{"id":235966,"date":"2024-09-29T04:31:02","date_gmt":"2024-09-29T04:31:02","guid":{"rendered":"https:\/\/irankiuzona.lt\/product\/pakaitinimo-zvakiu-istraukimo-komplektas-m8-m9-m10-m12\/"},"modified":"2026-04-14T14:09:19","modified_gmt":"2026-04-14T14:09:19","slug":"pakaitinimo-zvakiu-istraukimo-komplektas-m8-m9-m10-m12","status":"publish","type":"product","link":"https:\/\/irankiuzona.lt\/ru\/product\/pakaitinimo-zvakiu-istraukimo-komplektas-m8-m9-m10-m12\/","title":{"rendered":"Pakaitinimo \u017evaki\u0173 i\u0161traukimo komplektas M8\/M9\/M10\/M12"},"content":{"rendered":"<p>M8x1.0, M9x1.0, M10x1.0, M10x1.25, M12x1.25<\/p>\n<p>to drill out tight or broken glow plugs<br \/>\nfor user-friendly, quick and cost-efficient repair jobs<br \/>\nalso suutable for ceramic glow plugs<br \/>\nto drill out the glow plug, remove residues and cut new thread<br \/>\ndrills, sleeves, dies and extraction bolts specially designed for each glow plug sizes<br \/>\ndrills and dies in HSS-Co5 steel quality &#8211; for extra long durability<br \/>\nspecialist sockets for removing glow plug electrode<br \/>\nstriking weight for removing residues, with 2 sliding bars to select from depending on available work space<br \/>\nuniversal set, suitable for almost all car manufacturers<\/p>","protected":false},"excerpt":{"rendered":"<p>Pakaitinimo \u017evaki\u0173 i\u0161traukimo komplektas M8\/M9\/M10\/M12 (Xcess Performance)<\/p>","protected":false},"featured_media":235968,"comment_status":"open","ping_status":"open","template":"","meta":[],"product_cat":[9699],"product_tag":[9462],"class_list":{"0":"post-235966","1":"product","2":"type-product","3":"status-publish","4":"has-post-thumbnail","6":"product_brand-condor-werkzeug-vokietija","7":"product_cat-uzluzusiu-zvakiu-remontui","8":"product_tag-condor-werkzeug-vokietija","10":"first","11":"instock","12":"purchasable","13":"product-type-simple"},"jetpack_sharing_enabled":true,"_links":{"self":[{"href":"https:\/\/irankiuzona.lt\/ru\/wp-json\/wp\/v2\/product\/235966","targetHints":{"allow":["GET"]}}],"collection":[{"href":"https:\/\/irankiuzona.lt\/ru\/wp-json\/wp\/v2\/product"}],"about":[{"href":"https:\/\/irankiuzona.lt\/ru\/wp-json\/wp\/v2\/types\/product"}],"replies":[{"embeddable":true,"href":"https:\/\/irankiuzona.lt\/ru\/wp-json\/wp\/v2\/comments?post=235966"}],"version-history":[{"count":1,"href":"https:\/\/irankiuzona.lt\/ru\/wp-json\/wp\/v2\/product\/235966\/revisions"}],"predecessor-version":[{"id":413581,"href":"https:\/\/irankiuzona.lt\/ru\/wp-json\/wp\/v2\/product\/235966\/revisions\/413581"}],"wp:featuredmedia":[{"embeddable":true,"href":"https:\/\/irankiuzona.lt\/ru\/wp-json\/wp\/v2\/media\/235968"}],"wp:attachment":[{"href":"https:\/\/irankiuzona.lt\/ru\/wp-json\/wp\/v2\/media?parent=235966"}],"wp:term":[{"taxonomy":"product_cat","embeddable":true,"href":"https:\/\/irankiuzona.lt\/ru\/wp-json\/wp\/v2\/product_cat?post=235966"},{"taxonomy":"product_tag","embeddable":true,"href":"https:\/\/irankiuzona.lt\/ru\/wp-json\/wp\/v2\/product_tag?post=235966"}],"curies":[{"name":"wp","href":"https:\/\/api.w.org\/{rel}","templated":true}]}}