{"id":235969,"date":"2024-09-29T04:40:04","date_gmt":"2024-09-29T04:40:04","guid":{"rendered":"https:\/\/irankiuzona.lt\/product\/kiauryminiu-galvuciu-irankiu-komplektas-varioplius\/"},"modified":"2026-05-13T22:42:23","modified_gmt":"2026-05-13T22:42:23","slug":"kiauryminiu-galvuciu-irankiu-komplektas-varioplius","status":"publish","type":"product","link":"https:\/\/irankiuzona.lt\/ru\/product\/kiauryminiu-galvuciu-irankiu-komplektas-varioplius\/","title":{"rendered":"Kiaurymini\u0173 galvu\u010di\u0173 \u012franki\u0173 komplektas VARIOPLIUS"},"content":{"rendered":"<p>Komplekte: Galvut\u0117s VARIOplus (daugiafunkcin\u0117s) 10-11-12-13-14-15-16-17-18-19-21-22-24 mm\u00a0Terk\u0161l\u0117 60dant.Prailgintuvas 75 mmAdapteriai 1\/4 ir 3\/8 galvut\u0117ms<\/p>","protected":false},"excerpt":{"rendered":"<p>Kiaurymini\u0173 galvu\u010di\u0173 \u012franki\u0173 komplektas VARIOPLIUS (10-24 mm)<\/p>","protected":false},"featured_media":235971,"comment_status":"open","ping_status":"open","template":"","meta":[],"product_cat":[9966],"product_tag":[9462],"class_list":{"0":"post-235969","1":"product","2":"type-product","3":"status-publish","4":"has-post-thumbnail","6":"product_brand-condor-werkzeug-vokietija","7":"product_cat-kiauryminiai-galvuciu-komplektai","8":"product_tag-condor-werkzeug-vokietija","10":"first","11":"instock","12":"purchasable","13":"product-type-simple"},"jetpack_sharing_enabled":true,"_links":{"self":[{"href":"https:\/\/irankiuzona.lt\/ru\/wp-json\/wp\/v2\/product\/235969","targetHints":{"allow":["GET"]}}],"collection":[{"href":"https:\/\/irankiuzona.lt\/ru\/wp-json\/wp\/v2\/product"}],"about":[{"href":"https:\/\/irankiuzona.lt\/ru\/wp-json\/wp\/v2\/types\/product"}],"replies":[{"embeddable":true,"href":"https:\/\/irankiuzona.lt\/ru\/wp-json\/wp\/v2\/comments?post=235969"}],"version-history":[{"count":1,"href":"https:\/\/irankiuzona.lt\/ru\/wp-json\/wp\/v2\/product\/235969\/revisions"}],"predecessor-version":[{"id":413582,"href":"https:\/\/irankiuzona.lt\/ru\/wp-json\/wp\/v2\/product\/235969\/revisions\/413582"}],"wp:featuredmedia":[{"embeddable":true,"href":"https:\/\/irankiuzona.lt\/ru\/wp-json\/wp\/v2\/media\/235971"}],"wp:attachment":[{"href":"https:\/\/irankiuzona.lt\/ru\/wp-json\/wp\/v2\/media?parent=235969"}],"wp:term":[{"taxonomy":"product_cat","embeddable":true,"href":"https:\/\/irankiuzona.lt\/ru\/wp-json\/wp\/v2\/product_cat?post=235969"},{"taxonomy":"product_tag","embeddable":true,"href":"https:\/\/irankiuzona.lt\/ru\/wp-json\/wp\/v2\/product_tag?post=235969"}],"curies":[{"name":"wp","href":"https:\/\/api.w.org\/{rel}","templated":true}]}}