{"id":235972,"date":"2024-09-29T04:40:04","date_gmt":"2024-09-29T04:40:04","guid":{"rendered":"https:\/\/irankiuzona.lt\/product\/varines-poverzles-m15-karterio-varztams-10vnt\/"},"modified":"2026-04-15T17:33:43","modified_gmt":"2026-04-15T17:33:43","slug":"varines-poverzles-m15-karterio-varztams-10vnt","status":"publish","type":"product","link":"https:\/\/irankiuzona.lt\/ru\/product\/varines-poverzles-m15-karterio-varztams-10vnt\/","title":{"rendered":"Varin\u0117s pover\u017eles M15 karterio var\u017etams 10vnt."},"content":{"rendered":"<p>Size<\/p>\n<p>M15<\/p>\n<p>Application<\/p>\n<p>for No. c5368 + c5369\/15<\/p>\n<p>Quantity<\/p>\n<p>10 pcs.<\/p>","protected":false},"excerpt":{"rendered":"<p>Varin\u0117s pover\u017eles M15 karterio var\u017etams 10vnt.<\/p>","protected":false},"featured_media":235974,"comment_status":"open","ping_status":"open","template":"","meta":[],"product_cat":[9655],"product_tag":[9462],"class_list":{"0":"post-235972","1":"product","2":"type-product","3":"status-publish","4":"has-post-thumbnail","6":"product_brand-condor-werkzeug-vokietija","7":"product_cat-sugadintam-karterio-sriegiui","8":"product_tag-condor-werkzeug-vokietija","10":"first","11":"instock","12":"purchasable","13":"product-type-simple"},"jetpack_sharing_enabled":true,"_links":{"self":[{"href":"https:\/\/irankiuzona.lt\/ru\/wp-json\/wp\/v2\/product\/235972","targetHints":{"allow":["GET"]}}],"collection":[{"href":"https:\/\/irankiuzona.lt\/ru\/wp-json\/wp\/v2\/product"}],"about":[{"href":"https:\/\/irankiuzona.lt\/ru\/wp-json\/wp\/v2\/types\/product"}],"replies":[{"embeddable":true,"href":"https:\/\/irankiuzona.lt\/ru\/wp-json\/wp\/v2\/comments?post=235972"}],"version-history":[{"count":1,"href":"https:\/\/irankiuzona.lt\/ru\/wp-json\/wp\/v2\/product\/235972\/revisions"}],"predecessor-version":[{"id":413583,"href":"https:\/\/irankiuzona.lt\/ru\/wp-json\/wp\/v2\/product\/235972\/revisions\/413583"}],"wp:featuredmedia":[{"embeddable":true,"href":"https:\/\/irankiuzona.lt\/ru\/wp-json\/wp\/v2\/media\/235974"}],"wp:attachment":[{"href":"https:\/\/irankiuzona.lt\/ru\/wp-json\/wp\/v2\/media?parent=235972"}],"wp:term":[{"taxonomy":"product_cat","embeddable":true,"href":"https:\/\/irankiuzona.lt\/ru\/wp-json\/wp\/v2\/product_cat?post=235972"},{"taxonomy":"product_tag","embeddable":true,"href":"https:\/\/irankiuzona.lt\/ru\/wp-json\/wp\/v2\/product_tag?post=235972"}],"curies":[{"name":"wp","href":"https:\/\/api.w.org\/{rel}","templated":true}]}}