{"id":236017,"date":"2024-09-29T04:40:09","date_gmt":"2024-09-29T04:40:09","guid":{"rendered":"https:\/\/irankiuzona.lt\/product\/kiauryminiu-galvuciu-irankiu-komplektas-44-daliu\/"},"modified":"2026-02-17T14:50:13","modified_gmt":"2026-02-17T14:50:13","slug":"kiauryminiu-galvuciu-irankiu-komplektas-44-daliu","status":"publish","type":"product","link":"https:\/\/irankiuzona.lt\/ru\/product\/kiauryminiu-galvuciu-irankiu-komplektas-44-daliu\/","title":{"rendered":"Kiaurymini\u0173 galvu\u010di\u0173 \u012franki\u0173 komplektas 44 dali\u0173"},"content":{"rendered":"<p>Komplekte:Terk\u0161l\u0117 72 dant\u0173Galvut\u0117s: 6-7-8-9-10-11-12-13-14 mmTORX: T15-T20-T25-T27-T30-T40-T45TORX su skyle: T15-T20-T25-T27-T30-T40-T45HEX (6-kampiai): H4-H5-H6-H7-H8-H10SPLINE: M4-M5-M6-M8-M10-M12RIBE: R5-R6-R7-R8-R10-R12-R13Adapteris 3\/8 galvut\u0117ms\u00a0<\/p>","protected":false},"excerpt":{"rendered":"<p>Kiaurymini\u0173 galvu\u010di\u0173 \u012franki\u0173 komplektas 44 dali\u0173<\/p>","protected":false},"featured_media":236019,"comment_status":"open","ping_status":"open","template":"","meta":[],"product_cat":[9966],"product_tag":[9462],"class_list":{"0":"post-236017","1":"product","2":"type-product","3":"status-publish","4":"has-post-thumbnail","6":"product_brand-condor-werkzeug-vokietija","7":"product_cat-kiauryminiai-galvuciu-komplektai","8":"product_tag-condor-werkzeug-vokietija","10":"first","11":"outofstock","12":"purchasable","13":"product-type-simple"},"jetpack_sharing_enabled":true,"_links":{"self":[{"href":"https:\/\/irankiuzona.lt\/ru\/wp-json\/wp\/v2\/product\/236017","targetHints":{"allow":["GET"]}}],"collection":[{"href":"https:\/\/irankiuzona.lt\/ru\/wp-json\/wp\/v2\/product"}],"about":[{"href":"https:\/\/irankiuzona.lt\/ru\/wp-json\/wp\/v2\/types\/product"}],"replies":[{"embeddable":true,"href":"https:\/\/irankiuzona.lt\/ru\/wp-json\/wp\/v2\/comments?post=236017"}],"version-history":[{"count":1,"href":"https:\/\/irankiuzona.lt\/ru\/wp-json\/wp\/v2\/product\/236017\/revisions"}],"predecessor-version":[{"id":413597,"href":"https:\/\/irankiuzona.lt\/ru\/wp-json\/wp\/v2\/product\/236017\/revisions\/413597"}],"wp:featuredmedia":[{"embeddable":true,"href":"https:\/\/irankiuzona.lt\/ru\/wp-json\/wp\/v2\/media\/236019"}],"wp:attachment":[{"href":"https:\/\/irankiuzona.lt\/ru\/wp-json\/wp\/v2\/media?parent=236017"}],"wp:term":[{"taxonomy":"product_cat","embeddable":true,"href":"https:\/\/irankiuzona.lt\/ru\/wp-json\/wp\/v2\/product_cat?post=236017"},{"taxonomy":"product_tag","embeddable":true,"href":"https:\/\/irankiuzona.lt\/ru\/wp-json\/wp\/v2\/product_tag?post=236017"}],"curies":[{"name":"wp","href":"https:\/\/api.w.org\/{rel}","templated":true}]}}