{"id":236065,"date":"2024-09-29T04:40:15","date_gmt":"2024-09-29T04:40:15","guid":{"rendered":"https:\/\/irankiuzona.lt\/product\/smugine-galvute-1-2-e14-ilga-e-profil\/"},"modified":"2026-04-06T20:28:47","modified_gmt":"2026-04-06T20:28:47","slug":"smugine-galvute-1-2-e14-ilga-e-profil","status":"publish","type":"product","link":"https:\/\/irankiuzona.lt\/ru\/product\/smugine-galvute-1-2-e14-ilga-e-profil\/","title":{"rendered":"Sm\u016bgin\u0117 galvut\u0117 1\/2&quot; E14 ilga (E-profil)"},"content":{"rendered":"","protected":false},"excerpt":{"rendered":"<p>Galvut\u0117 1\/2 E-14 ilga sm\u016bgin\u0117 Cr-Mo<\/p>","protected":false},"featured_media":236067,"comment_status":"open","ping_status":"open","template":"","meta":[],"product_cat":[9743],"product_tag":[9462],"class_list":{"0":"post-236065","1":"product","2":"type-product","3":"status-publish","4":"has-post-thumbnail","6":"product_brand-condor-werkzeug-vokietija","7":"product_cat-cr-mo-smugines-galvutes-e-profil-torx","8":"product_tag-condor-werkzeug-vokietija","10":"first","11":"outofstock","12":"purchasable","13":"product-type-simple"},"jetpack_sharing_enabled":true,"_links":{"self":[{"href":"https:\/\/irankiuzona.lt\/ru\/wp-json\/wp\/v2\/product\/236065","targetHints":{"allow":["GET"]}}],"collection":[{"href":"https:\/\/irankiuzona.lt\/ru\/wp-json\/wp\/v2\/product"}],"about":[{"href":"https:\/\/irankiuzona.lt\/ru\/wp-json\/wp\/v2\/types\/product"}],"replies":[{"embeddable":true,"href":"https:\/\/irankiuzona.lt\/ru\/wp-json\/wp\/v2\/comments?post=236065"}],"version-history":[{"count":0,"href":"https:\/\/irankiuzona.lt\/ru\/wp-json\/wp\/v2\/product\/236065\/revisions"}],"wp:featuredmedia":[{"embeddable":true,"href":"https:\/\/irankiuzona.lt\/ru\/wp-json\/wp\/v2\/media\/236067"}],"wp:attachment":[{"href":"https:\/\/irankiuzona.lt\/ru\/wp-json\/wp\/v2\/media?parent=236065"}],"wp:term":[{"taxonomy":"product_cat","embeddable":true,"href":"https:\/\/irankiuzona.lt\/ru\/wp-json\/wp\/v2\/product_cat?post=236065"},{"taxonomy":"product_tag","embeddable":true,"href":"https:\/\/irankiuzona.lt\/ru\/wp-json\/wp\/v2\/product_tag?post=236065"}],"curies":[{"name":"wp","href":"https:\/\/api.w.org\/{rel}","templated":true}]}}