{"id":236109,"date":"2024-09-29T04:40:21","date_gmt":"2024-09-29T04:40:21","guid":{"rendered":"https:\/\/irankiuzona.lt\/product\/smugine-galvute-plonasiene-1-2-21mm-ilga-6-kampe\/"},"modified":"2024-11-19T00:14:07","modified_gmt":"2024-11-19T00:14:07","slug":"smugine-galvute-plonasiene-1-2-21mm-ilga-6-kampe","status":"publish","type":"product","link":"https:\/\/irankiuzona.lt\/ru\/product\/smugine-galvute-plonasiene-1-2-21mm-ilga-6-kampe\/","title":{"rendered":"Sm\u016bgin\u0117 galvut\u0117 plonasien\u0117 1\/2 21mm ilga 6-kamp\u0117"},"content":{"rendered":"<p>Ilgis &#8211; 78 mm42HRC<\/p>","protected":false},"excerpt":{"rendered":"<p>Sm\u016bgin\u0117 galvut\u0117 plonasien\u0117 1\/2 21mm ilga 6-kamp\u0117<\/p>","protected":false},"featured_media":236111,"comment_status":"open","ping_status":"open","template":"","meta":[],"product_cat":[9801],"product_tag":[9898],"class_list":{"0":"post-236109","1":"product","2":"type-product","3":"status-publish","4":"has-post-thumbnail","6":"product_brand-avtodelo","7":"product_cat-1-2-125-mm-ilgos-smugines-sesiakampes-galvutes","8":"product_tag-avtodelo","10":"first","11":"outofstock","12":"purchasable","13":"product-type-simple"},"jetpack_sharing_enabled":true,"_links":{"self":[{"href":"https:\/\/irankiuzona.lt\/ru\/wp-json\/wp\/v2\/product\/236109","targetHints":{"allow":["GET"]}}],"collection":[{"href":"https:\/\/irankiuzona.lt\/ru\/wp-json\/wp\/v2\/product"}],"about":[{"href":"https:\/\/irankiuzona.lt\/ru\/wp-json\/wp\/v2\/types\/product"}],"replies":[{"embeddable":true,"href":"https:\/\/irankiuzona.lt\/ru\/wp-json\/wp\/v2\/comments?post=236109"}],"version-history":[{"count":0,"href":"https:\/\/irankiuzona.lt\/ru\/wp-json\/wp\/v2\/product\/236109\/revisions"}],"wp:featuredmedia":[{"embeddable":true,"href":"https:\/\/irankiuzona.lt\/ru\/wp-json\/wp\/v2\/media\/236111"}],"wp:attachment":[{"href":"https:\/\/irankiuzona.lt\/ru\/wp-json\/wp\/v2\/media?parent=236109"}],"wp:term":[{"taxonomy":"product_cat","embeddable":true,"href":"https:\/\/irankiuzona.lt\/ru\/wp-json\/wp\/v2\/product_cat?post=236109"},{"taxonomy":"product_tag","embeddable":true,"href":"https:\/\/irankiuzona.lt\/ru\/wp-json\/wp\/v2\/product_tag?post=236109"}],"curies":[{"name":"wp","href":"https:\/\/api.w.org\/{rel}","templated":true}]}}