{"id":236121,"date":"2024-09-29T04:40:22","date_gmt":"2024-09-29T04:40:22","guid":{"rendered":"https:\/\/irankiuzona.lt\/product\/smuginiu-ilgu-1-2-torx-antgaliu-komplektas-t25-t60\/"},"modified":"2026-04-12T12:49:47","modified_gmt":"2026-04-12T12:49:47","slug":"smuginiu-ilgu-1-2-torx-antgaliu-komplektas-t25-t60","status":"publish","type":"product","link":"https:\/\/irankiuzona.lt\/ru\/product\/smuginiu-ilgu-1-2-torx-antgaliu-komplektas-t25-t60\/","title":{"rendered":"Sm\u016bgini\u0173, ilg\u0173 1\/2 TORX antgali\u0173 komplektas \/ T25-T60"},"content":{"rendered":"<p>Cr-Mo \/ sm\u016bginiai TORX antgaliai.Ilgis 78 mmKomplekte: T25 &#8211; T27 &#8211; T30 &#8211; T40 &#8211; T45 &#8211; T50 &#8211; T55 &#8211; T60<\/p>","protected":false},"excerpt":{"rendered":"<p>Sm\u016bgini\u0173, ilg\u0173 1\/2 TORX antgali\u0173 komplektas \/ T25-T60 \/ 78mm ilgio<\/p>","protected":false},"featured_media":236123,"comment_status":"open","ping_status":"open","template":"","meta":[],"product_cat":[9682],"product_tag":[9898],"class_list":{"0":"post-236121","1":"product","2":"type-product","3":"status-publish","4":"has-post-thumbnail","6":"product_brand-avtodelo","7":"product_cat-smuginiu-cr-mo-antgaliu-komplektai","8":"product_tag-avtodelo","10":"first","11":"instock","12":"purchasable","13":"product-type-simple"},"jetpack_sharing_enabled":true,"_links":{"self":[{"href":"https:\/\/irankiuzona.lt\/ru\/wp-json\/wp\/v2\/product\/236121","targetHints":{"allow":["GET"]}}],"collection":[{"href":"https:\/\/irankiuzona.lt\/ru\/wp-json\/wp\/v2\/product"}],"about":[{"href":"https:\/\/irankiuzona.lt\/ru\/wp-json\/wp\/v2\/types\/product"}],"replies":[{"embeddable":true,"href":"https:\/\/irankiuzona.lt\/ru\/wp-json\/wp\/v2\/comments?post=236121"}],"version-history":[{"count":1,"href":"https:\/\/irankiuzona.lt\/ru\/wp-json\/wp\/v2\/product\/236121\/revisions"}],"predecessor-version":[{"id":413627,"href":"https:\/\/irankiuzona.lt\/ru\/wp-json\/wp\/v2\/product\/236121\/revisions\/413627"}],"wp:featuredmedia":[{"embeddable":true,"href":"https:\/\/irankiuzona.lt\/ru\/wp-json\/wp\/v2\/media\/236123"}],"wp:attachment":[{"href":"https:\/\/irankiuzona.lt\/ru\/wp-json\/wp\/v2\/media?parent=236121"}],"wp:term":[{"taxonomy":"product_cat","embeddable":true,"href":"https:\/\/irankiuzona.lt\/ru\/wp-json\/wp\/v2\/product_cat?post=236121"},{"taxonomy":"product_tag","embeddable":true,"href":"https:\/\/irankiuzona.lt\/ru\/wp-json\/wp\/v2\/product_tag?post=236121"}],"curies":[{"name":"wp","href":"https:\/\/api.w.org\/{rel}","templated":true}]}}