{"id":236133,"date":"2024-09-29T04:40:23","date_gmt":"2024-09-29T04:40:23","guid":{"rendered":"https:\/\/irankiuzona.lt\/product\/smuginiu-antgaliu-komplektas-6-kampiai-hex-h5-h19\/"},"modified":"2026-04-14T14:09:25","modified_gmt":"2026-04-14T14:09:25","slug":"smuginiu-antgaliu-komplektas-6-kampiai-hex-h5-h19","status":"publish","type":"product","link":"https:\/\/irankiuzona.lt\/ru\/product\/smuginiu-antgaliu-komplektas-6-kampiai-hex-h5-h19\/","title":{"rendered":"Sm\u016bgini\u0173 antgali\u0173 komplektas 6-kampiai (HEX H5-H19)"},"content":{"rendered":"<p>Komplekte: H5 \/ H6 \/ H8 \/ H10 \/ H12 \/ H14 \/ H17 \/ H19 Ilgis &#8211; 78 mm Lizdas &#8211; 1\/2 Sm\u016bgini\u0173 1\/2 \u0161e\u0161iakampi\u0173 komplektas (HEX5-HEX19)<\/p>","protected":false},"excerpt":{"rendered":"<p>Sm\u016bgini\u0173 1\/2 antgali\u0173 komplektas 6-kampiai (HEX H5-H19)<\/p>","protected":false},"featured_media":236135,"comment_status":"open","ping_status":"open","template":"","meta":[],"product_cat":[9682],"product_tag":[9898],"class_list":{"0":"post-236133","1":"product","2":"type-product","3":"status-publish","4":"has-post-thumbnail","6":"product_brand-avtodelo","7":"product_cat-smuginiu-cr-mo-antgaliu-komplektai","8":"product_tag-avtodelo","10":"first","11":"outofstock","12":"purchasable","13":"product-type-simple"},"jetpack_sharing_enabled":true,"_links":{"self":[{"href":"https:\/\/irankiuzona.lt\/ru\/wp-json\/wp\/v2\/product\/236133","targetHints":{"allow":["GET"]}}],"collection":[{"href":"https:\/\/irankiuzona.lt\/ru\/wp-json\/wp\/v2\/product"}],"about":[{"href":"https:\/\/irankiuzona.lt\/ru\/wp-json\/wp\/v2\/types\/product"}],"replies":[{"embeddable":true,"href":"https:\/\/irankiuzona.lt\/ru\/wp-json\/wp\/v2\/comments?post=236133"}],"version-history":[{"count":1,"href":"https:\/\/irankiuzona.lt\/ru\/wp-json\/wp\/v2\/product\/236133\/revisions"}],"predecessor-version":[{"id":413631,"href":"https:\/\/irankiuzona.lt\/ru\/wp-json\/wp\/v2\/product\/236133\/revisions\/413631"}],"wp:featuredmedia":[{"embeddable":true,"href":"https:\/\/irankiuzona.lt\/ru\/wp-json\/wp\/v2\/media\/236135"}],"wp:attachment":[{"href":"https:\/\/irankiuzona.lt\/ru\/wp-json\/wp\/v2\/media?parent=236133"}],"wp:term":[{"taxonomy":"product_cat","embeddable":true,"href":"https:\/\/irankiuzona.lt\/ru\/wp-json\/wp\/v2\/product_cat?post=236133"},{"taxonomy":"product_tag","embeddable":true,"href":"https:\/\/irankiuzona.lt\/ru\/wp-json\/wp\/v2\/product_tag?post=236133"}],"curies":[{"name":"wp","href":"https:\/\/api.w.org\/{rel}","templated":true}]}}