{"id":236255,"date":"2024-09-29T04:40:36","date_gmt":"2024-09-29T04:40:36","guid":{"rendered":"https:\/\/irankiuzona.lt\/product\/lekstutes-tepalo-filtrui15vnt\/"},"modified":"2026-04-13T08:09:31","modified_gmt":"2026-04-13T08:09:31","slug":"lekstutes-tepalo-filtrui15vnt","status":"publish","type":"product","link":"https:\/\/irankiuzona.lt\/ru\/product\/lekstutes-tepalo-filtrui15vnt\/","title":{"rendered":"L\u0117k\u0161tut\u0117s tepalo filtrui*15vnt."},"content":{"rendered":"<p>65MM-14F 65\/67MM-14F\u00a068MM-14F 74MM-15F\u00a074\/76MM-15F 75\/77MM-15F\u00a076MM-30F 76MM-14F\u00a080MM-15F 80\/82MM-15F\u00a090MM-15F 93MM-15F\u00a093MM-36F 100-15F 3\/8&quot;&quot; to 1\/2&quot;&quot; adaptor\u00a0<\/p>","protected":false},"excerpt":{"rendered":"<p>L\u0117k\u0161tut\u0117s tepalo filtrui*15vnt.<\/p>","protected":false},"featured_media":236257,"comment_status":"open","ping_status":"open","template":"","meta":[],"product_cat":[9547],"product_tag":[9435],"class_list":{"0":"post-236255","1":"product","2":"type-product","3":"status-publish","4":"has-post-thumbnail","6":"product_brand-kinija","7":"product_cat-galvu-komplektai-tepalo-filtrams","8":"product_tag-kinija","10":"first","11":"outofstock","12":"purchasable","13":"product-type-simple"},"jetpack_sharing_enabled":true,"_links":{"self":[{"href":"https:\/\/irankiuzona.lt\/ru\/wp-json\/wp\/v2\/product\/236255","targetHints":{"allow":["GET"]}}],"collection":[{"href":"https:\/\/irankiuzona.lt\/ru\/wp-json\/wp\/v2\/product"}],"about":[{"href":"https:\/\/irankiuzona.lt\/ru\/wp-json\/wp\/v2\/types\/product"}],"replies":[{"embeddable":true,"href":"https:\/\/irankiuzona.lt\/ru\/wp-json\/wp\/v2\/comments?post=236255"}],"version-history":[{"count":1,"href":"https:\/\/irankiuzona.lt\/ru\/wp-json\/wp\/v2\/product\/236255\/revisions"}],"predecessor-version":[{"id":413665,"href":"https:\/\/irankiuzona.lt\/ru\/wp-json\/wp\/v2\/product\/236255\/revisions\/413665"}],"wp:featuredmedia":[{"embeddable":true,"href":"https:\/\/irankiuzona.lt\/ru\/wp-json\/wp\/v2\/media\/236257"}],"wp:attachment":[{"href":"https:\/\/irankiuzona.lt\/ru\/wp-json\/wp\/v2\/media?parent=236255"}],"wp:term":[{"taxonomy":"product_cat","embeddable":true,"href":"https:\/\/irankiuzona.lt\/ru\/wp-json\/wp\/v2\/product_cat?post=236255"},{"taxonomy":"product_tag","embeddable":true,"href":"https:\/\/irankiuzona.lt\/ru\/wp-json\/wp\/v2\/product_tag?post=236255"}],"curies":[{"name":"wp","href":"https:\/\/api.w.org\/{rel}","templated":true}]}}